{"id":994,"date":"2025-04-03T16:32:40","date_gmt":"2025-04-03T16:32:40","guid":{"rendered":"https:\/\/construiesccasamea.ro\/?post_type=product&#038;p=994"},"modified":"2025-07-19T05:46:16","modified_gmt":"2025-07-19T05:46:16","slug":"vata-bazaltica-rockwool-multirock-5-cm","status":"publish","type":"product","link":"https:\/\/construiesccasamea.ro\/?product=vata-bazaltica-rockwool-multirock-5-cm","title":{"rendered":"Vata bazaltica Rockwool Multirock 5 cm"},"content":{"rendered":"<h3 class=\"\" data-start=\"0\" data-end=\"102\"><strong data-start=\"4\" data-end=\"100\">Pl\u0103ci Semirigide de Vat\u0103 Bazaltic\u0103 Rockwool Multirock \u2013 Izola\u021bie Versatil\u0103 \u0219i Eficient\u0103<\/strong><\/h3>\n<p class=\"\" data-start=\"104\" data-end=\"355\"><strong data-start=\"104\" data-end=\"131\">Rockwool Multirock<\/strong>\u00a0este o\u00a0<strong data-start=\"139\" data-end=\"191\">vat\u0103 bazaltic\u0103 semirigid\u0103, hidrofobizat\u0103 \u00een mas\u0103<\/strong>, ideal\u0103 pentru\u00a0<strong data-start=\"207\" data-end=\"255\">izola\u021bie termic\u0103, fonic\u0103 \u0219i protec\u021bie la foc<\/strong>. Cu dimensiuni de\u00a0<strong data-start=\"274\" data-end=\"297\">1200 x 600 x 100 mm<\/strong>, aceste pl\u0103ci sunt concepute pentru multiple aplica\u021bii.<\/p>\n<h3 class=\"\" data-start=\"357\" data-end=\"377\"><strong data-start=\"361\" data-end=\"375\">Utilizare:<\/strong><\/h3>\n<ul>\n<li data-start=\"378\" data-end=\"667\"><strong data-start=\"380\" data-end=\"442\">Izola\u021bia mansardelor \u0219i acoperi\u0219urilor \u00eenclinate ventilate<\/strong><\/li>\n<li data-start=\"378\" data-end=\"667\"><strong data-start=\"447\" data-end=\"513\">Protec\u021bia plan\u0219eelor pe grinzi de lemn \u0219i tavanelor suspendate<\/strong><\/li>\n<li data-start=\"378\" data-end=\"667\"><strong data-start=\"518\" data-end=\"588\">Izolarea pere\u021bilor interiori \u0219i casetelor orizontale pentru fa\u021bade<\/strong><\/li>\n<li data-start=\"378\" data-end=\"667\"><strong data-start=\"593\" data-end=\"665\">Ideal pentru zone unde nu sunt necesare rezisten\u021be mecanice ridicate<\/strong><\/li>\n<\/ul>\n<h3 class=\"\" data-start=\"669\" data-end=\"688\"><strong data-start=\"673\" data-end=\"686\">Avantaje:<\/strong><\/h3>\n<ul>\n<li data-start=\"689\" data-end=\"1204\"><strong data-start=\"691\" data-end=\"718\">Termoizola\u021bie excelent\u0103<\/strong>\u00a0\u2013 Reduce pierderile de c\u0103ldur\u0103 \u0219i \u00eembun\u0103t\u0103\u021be\u0219te eficien\u021ba energetic\u0103<\/li>\n<li data-start=\"689\" data-end=\"1204\"><strong data-start=\"792\" data-end=\"812\">Protec\u021bie la foc<\/strong>\u00a0\u2013 Material incombustibil, previne propagarea fl\u0103c\u0103rilor<\/li>\n<li data-start=\"689\" data-end=\"1204\"><strong data-start=\"873\" data-end=\"902\">Izolare fonic\u0103 superioar\u0103<\/strong>\u00a0\u2013 Diminueaz\u0103 zgomotele pentru un confort sporit<\/li>\n<li data-start=\"689\" data-end=\"1204\"><strong data-start=\"955\" data-end=\"994\">Hidrofobizat \u0219i permeabil la vapori<\/strong>\u00a0\u2013 Rezistent la umiditate \u0219i medii alcaline<\/li>\n<li data-start=\"689\" data-end=\"1204\"><strong data-start=\"1042\" data-end=\"1070\">Stabilitate dimensional\u0103<\/strong>\u00a0\u2013 Nu se deformeaz\u0103 \u00een timp<\/li>\n<li data-start=\"689\" data-end=\"1204\"><strong data-start=\"1102\" data-end=\"1123\">Ecologic \u0219i sigur<\/strong>\u00a0\u2013 Produs mineral, rezistent la d\u0103un\u0103tori, f\u0103r\u0103 impact negativ asupra s\u0103n\u0103t\u0103\u021bii<\/li>\n<\/ul>\n<div class=\"ad_1brvg4i4 ad_1xxdjne ad_1xxdjnf ad_1brvg4i6 ad_1l9fqro3\">Clas\u0103 de conductivitate termic\u0103\u00a0 \u00a0 \u00a0 \u00a0 \u00a0 \u00a0 \u00a0 \u00a0 \u00a0 \u00a0 \u00a0 \u00a0 \u00a0 \u00a0 \u00a0 \u00a0 \u00a0 \u00a0 \u00a0 \u00a0 \u00a0 \u00a0 \u00a0 \u00a0 \u00a0 \u00a0 \u00a0 \u00a0 \u00a0 \u00a0Lambda 0,037<\/div>\n<div class=\"ad_1brvg4i4 ad_1xxdjne ad_1xxdjnf ad_1brvg4i6 ad_1l9fqro3\">NIvel de conductivitate termic\u0103\u00a0 \u00a0 \u00a0 \u00a0 \u00a0 \u00a0 \u00a0 \u00a0 \u00a0 \u00a0 \u00a0 \u00a0 \u00a0 \u00a0 \u00a0 \u00a0 \u00a0 \u00a0 \u00a0 \u00a0 \u00a0 \u00a0 \u00a0 \u00a0 \u00a0 \u00a0 \u00a0 \u00a0 \u00a0 \u00a0 \u00a0037<\/div>\n<div class=\"ad_1brvg4i4 ad_1xxdjne ad_1xxdjnf ad_1brvg4i6 ad_1l9fqro3\">Clas\u0103 prevenire incendii\u00a0 \u00a0 \u00a0 \u00a0 \u00a0 \u00a0 \u00a0 \u00a0 \u00a0 \u00a0 \u00a0 \u00a0 \u00a0 \u00a0 \u00a0 \u00a0 \u00a0 \u00a0 \u00a0 \u00a0 \u00a0 \u00a0 \u00a0 \u00a0 \u00a0 \u00a0 \u00a0 \u00a0 \u00a0 \u00a0 \u00a0 \u00a0 \u00a0 \u00a0 \u00a0 \u00a0 \u00a0A1 \u2013 neinflamabil (f\u0103r\u0103 componente inflamabile)<\/div>\n<div class=\"ad_1brvg4i4 ad_1xxdjne ad_1xxdjnf ad_1brvg4i6 ad_1l9fqro3\">Clas\u0103 Euro\u00a0 \u00a0 \u00a0 \u00a0 \u00a0 \u00a0 \u00a0 \u00a0 \u00a0 \u00a0 \u00a0 \u00a0 \u00a0 \u00a0 \u00a0 \u00a0 \u00a0 \u00a0 \u00a0 \u00a0 \u00a0 \u00a0 \u00a0 \u00a0 \u00a0 \u00a0 \u00a0 \u00a0 \u00a0 \u00a0 \u00a0 \u00a0 \u00a0 \u00a0 \u00a0 \u00a0 \u00a0 \u00a0 \u00a0 \u00a0 \u00a0 \u00a0 \u00a0 \u00a0 \u00a0 \u00a0 \u00a0 \u00a0 \u00a0A1<\/div>\n<div class=\"ad_1brvg4i4 ad_1xxdjne ad_1xxdjnf ad_1brvg4i6 ad_1l9fqro3\">Dimensiune (L x l)\u00a0 \u00a0 \u00a0 \u00a0 \u00a0 \u00a0 \u00a0 \u00a0 \u00a0 \u00a0 \u00a0 \u00a0 \u00a0 \u00a0 \u00a0 \u00a0 \u00a0 \u00a0 \u00a0 \u00a0 \u00a0 \u00a0 \u00a0 \u00a0 \u00a0 \u00a0 \u00a0 \u00a0 \u00a0 \u00a0 \u00a0 \u00a0 \u00a0 \u00a0 \u00a0 \u00a0 \u00a0 \u00a0 \u00a0 \u00a0 \u00a0 \u00a0 \u00a01.200 mm x 600 mm<\/div>\n<div class=\"ad_1brvg4i4 ad_1xxdjne ad_1xxdjnf ad_1brvg4i6 ad_1l9fqro3\">Grosime\u00a0 \u00a0 \u00a0 \u00a0 \u00a0 \u00a0 \u00a0 \u00a0 \u00a0 \u00a0 \u00a0 \u00a0 \u00a0 \u00a0 \u00a0 \u00a0 \u00a0 \u00a0 \u00a0 \u00a0 \u00a0 \u00a0 \u00a0 \u00a0 \u00a0 \u00a0 \u00a0 \u00a0 \u00a0 \u00a0 \u00a0 \u00a0 \u00a0 \u00a0 \u00a0 \u00a0 \u00a0 \u00a0 \u00a0 \u00a0 \u00a0 \u00a0 \u00a0 \u00a0 \u00a0 \u00a0 \u00a0 \u00a0 \u00a0 \u00a0 \u00a050 mm<\/div>\n<div class=\"ad_1brvg4i4 ad_1xxdjne ad_1xxdjnf ad_1brvg4i6 ad_1l9fqro3\">Con\u0163inut pachet\u00a0 \u00a0 \u00a0 \u00a0 \u00a0 \u00a0 \u00a0 \u00a0 \u00a0 \u00a0 \u00a0 \u00a0 \u00a0 \u00a0 \u00a0 \u00a0 \u00a0 \u00a0 \u00a0 \u00a0 \u00a0 \u00a0 \u00a0 \u00a0 \u00a0 \u00a0 \u00a0 \u00a0 \u00a0 \u00a0 \u00a0 \u00a0 \u00a0 \u00a0 \u00a0 \u00a0 \u00a0 \u00a0 \u00a0 \u00a0 \u00a0 \u00a0 \u00a0 \u00a08,64 m\u00b2<\/div>\n<div><\/div>\n<p class=\"\" data-start=\"1206\" data-end=\"1300\"><strong data-start=\"1209\" data-end=\"1300\" data-is-last-node=\"\">Rockwool Multirock\u00a0 \u2013 Alegerea inteligent\u0103 pentru o izola\u021bie durabil\u0103 \u0219i eficient\u0103!<\/strong><\/p>\n","protected":false},"excerpt":{"rendered":"<p><strong>Placi termoizolante din vata bazaltica<\/strong><\/p>\n","protected":false},"featured_media":918,"comment_status":"open","ping_status":"closed","template":"","meta":{"_bst_post_transparent":"default","_bst_post_title":"","_bst_post_layout":"default","_bst_post_sidebar_id":"","_bst_post_content_style":"default","_bst_post_vertical_padding":"default","_bst_post_feature":"","_bst_post_feature_position":"","_bst_post_header":false,"_bst_post_footer":false},"product_cat":[147],"product_tag":[],"class_list":{"0":"post-994","1":"product","2":"type-product","3":"status-publish","4":"has-post-thumbnail","6":"product_cat-vata-bazaltica","8":"first","9":"instock","10":"shipping-taxable","11":"purchasable","12":"product-type-simple","13":"entry","14":"content-bg","15":"loop-entry"},"_links":{"self":[{"href":"https:\/\/construiesccasamea.ro\/index.php?rest_route=\/wp\/v2\/product\/994"}],"collection":[{"href":"https:\/\/construiesccasamea.ro\/index.php?rest_route=\/wp\/v2\/product"}],"about":[{"href":"https:\/\/construiesccasamea.ro\/index.php?rest_route=\/wp\/v2\/types\/product"}],"replies":[{"embeddable":true,"href":"https:\/\/construiesccasamea.ro\/index.php?rest_route=%2Fwp%2Fv2%2Fcomments&post=994"}],"wp:featuredmedia":[{"embeddable":true,"href":"https:\/\/construiesccasamea.ro\/index.php?rest_route=\/wp\/v2\/media\/918"}],"wp:attachment":[{"href":"https:\/\/construiesccasamea.ro\/index.php?rest_route=%2Fwp%2Fv2%2Fmedia&parent=994"}],"wp:term":[{"taxonomy":"product_cat","embeddable":true,"href":"https:\/\/construiesccasamea.ro\/index.php?rest_route=%2Fwp%2Fv2%2Fproduct_cat&post=994"},{"taxonomy":"product_tag","embeddable":true,"href":"https:\/\/construiesccasamea.ro\/index.php?rest_route=%2Fwp%2Fv2%2Fproduct_tag&post=994"}],"curies":[{"name":"wp","href":"https:\/\/api.w.org\/{rel}","templated":true}]}}