{"id":967,"date":"2025-04-03T15:24:13","date_gmt":"2025-04-03T15:24:13","guid":{"rendered":"https:\/\/construiesccasamea.ro\/?post_type=product&#038;p=967"},"modified":"2025-04-04T11:03:47","modified_gmt":"2025-04-04T11:03:47","slug":"tenco-holcim-40-kg","status":"publish","type":"product","link":"https:\/\/construiesccasamea.ro\/?product=tenco-holcim-40-kg","title":{"rendered":"Tenco Holcim 40 kg"},"content":{"rendered":"<p><strong>Liant aditivat pentru zid\u0103rie \u0219i tencuial\u0103.\u00a0<\/strong><\/p>\n<p>Tenco<sup>\u00ae<\/sup>\u00a0este un liant special de clas\u0103 MC 12,5, cu amprent\u0103 redus\u0103 de CO<sub>2<\/sub>\u00a0\u0219i cu o formul\u0103 \u00eembun\u0103t\u0103\u021bit\u0103 ce asigur\u0103 suprafe\u021be acoperite cu 10% mai mari.<\/p>\n<p>Tenco<sup>\u00ae<\/sup>\u00a0poate fi utilizat at\u00e2t la prepararea tuturor claselor de mortare pentru zid\u0103rie portant\u0103 \u0219i neportant\u0103, c\u00e2t \u0219i pentru tencuiala de interior sau exterior. \u0218i este \u0219i u\u0219or de preparat! Fiind un liant aditivat, Tenco<sup>\u00ae<\/sup>\u00a0necesit\u0103 doar nisip \u0219i ap\u0103 pentru ob\u021binerea unui mortar ideal. Produsul nu con\u021bine var.<\/p>\n<h2 class=\"section-title t-font-heading t-config-submenu-items-color\">Caracteristici<\/h2>\n<div class=\"content\">\n<table class=\"table product-param-table\">\n<tbody>\n<tr class=\"odd\">\n<td class=\"param-param UM\">UM<\/td>\n<td class=\"param-value\">SAC<\/td>\n<\/tr>\n<tr class=\"even\">\n<td class=\"param-param Clasa de rezistenta\">Clasa mortar<\/td>\n<td class=\"param-value\">MC 12.5<\/td>\n<\/tr>\n<tr class=\"odd\">\n<td class=\"param-param Termen de valabilitate\">Termen de valabilitate<\/td>\n<td class=\"param-value\">90 zile<\/td>\n<\/tr>\n<tr class=\"even\">\n<td class=\"param-param Cantitate\/UM\">Cantitate\/UM<\/td>\n<td class=\"param-value\">40 kg<\/td>\n<\/tr>\n<tr class=\"odd\">\n<td class=\"param-param Bucati pe palet\">Bucati pe palet<\/td>\n<td class=\"param-value\">40<\/td>\n<\/tr>\n<\/tbody>\n<\/table>\n<\/div>\n","protected":false},"excerpt":{"rendered":"<p>Liant aditivat pentru zid\u0103rie \u0219i tencuial\u0103.\u00a0 Tenco\u00ae\u00a0este un liant special de clas\u0103 MC 12,5, cu amprent\u0103 redus\u0103 de CO2\u00a0\u0219i cu o formul\u0103 \u00eembun\u0103t\u0103\u021bit\u0103 ce asigur\u0103 suprafe\u021be acoperite cu 10% mai mari. Tenco\u00ae\u00a0poate fi utilizat at\u00e2t la prepararea tuturor claselor de mortare pentru zid\u0103rie portant\u0103 \u0219i neportant\u0103, c\u00e2t \u0219i pentru tencuiala de interior sau exterior. \u0218i&#8230;<\/p>\n","protected":false},"featured_media":975,"comment_status":"open","ping_status":"closed","template":"","meta":{"_bst_post_transparent":"default","_bst_post_title":"","_bst_post_layout":"default","_bst_post_sidebar_id":"","_bst_post_content_style":"default","_bst_post_vertical_padding":"default","_bst_post_feature":"","_bst_post_feature_position":"","_bst_post_header":false,"_bst_post_footer":false},"product_cat":[96],"product_tag":[],"class_list":{"0":"post-967","1":"product","2":"type-product","3":"status-publish","4":"has-post-thumbnail","6":"product_cat-mortar-de-zidarie","8":"first","9":"instock","10":"shipping-taxable","11":"purchasable","12":"product-type-simple","13":"entry","14":"content-bg","15":"loop-entry"},"_links":{"self":[{"href":"https:\/\/construiesccasamea.ro\/index.php?rest_route=\/wp\/v2\/product\/967"}],"collection":[{"href":"https:\/\/construiesccasamea.ro\/index.php?rest_route=\/wp\/v2\/product"}],"about":[{"href":"https:\/\/construiesccasamea.ro\/index.php?rest_route=\/wp\/v2\/types\/product"}],"replies":[{"embeddable":true,"href":"https:\/\/construiesccasamea.ro\/index.php?rest_route=%2Fwp%2Fv2%2Fcomments&post=967"}],"wp:featuredmedia":[{"embeddable":true,"href":"https:\/\/construiesccasamea.ro\/index.php?rest_route=\/wp\/v2\/media\/975"}],"wp:attachment":[{"href":"https:\/\/construiesccasamea.ro\/index.php?rest_route=%2Fwp%2Fv2%2Fmedia&parent=967"}],"wp:term":[{"taxonomy":"product_cat","embeddable":true,"href":"https:\/\/construiesccasamea.ro\/index.php?rest_route=%2Fwp%2Fv2%2Fproduct_cat&post=967"},{"taxonomy":"product_tag","embeddable":true,"href":"https:\/\/construiesccasamea.ro\/index.php?rest_route=%2Fwp%2Fv2%2Fproduct_tag&post=967"}],"curies":[{"name":"wp","href":"https:\/\/api.w.org\/{rel}","templated":true}]}}