{"id":891,"date":"2025-03-29T14:38:05","date_gmt":"2025-03-29T14:38:05","guid":{"rendered":"https:\/\/construiesccasamea.ro\/?post_type=product&#038;p=891"},"modified":"2025-04-03T11:02:24","modified_gmt":"2025-04-03T11:02:24","slug":"polistiren-extrudat-austrotherm","status":"publish","type":"product","link":"https:\/\/construiesccasamea.ro\/?product=polistiren-extrudat-austrotherm","title":{"rendered":"Polistiren extrudat Austrotherm"},"content":{"rendered":"<h3 class=\"\" data-start=\"0\" data-end=\"87\"><strong data-start=\"4\" data-end=\"85\">Austrotherm XPS\u00ae TOP \u2013 Termoizola\u021bie de \u00cencredere, de la Funda\u021bie la Acoperi\u0219<\/strong><\/h3>\n<p class=\"\" data-start=\"89\" data-end=\"382\">Pentru protec\u021bie maxim\u0103 \u00eempotriva frigului, umezelii \u0219i solicit\u0103rilor mecanice extreme, <strong data-start=\"177\" data-end=\"201\">Austrotherm XPS\u00ae TOP<\/strong> este solu\u021bia ideal\u0103. Acest polistiren extrudat ofer\u0103 <strong data-start=\"255\" data-end=\"277\">izola\u021bie eficient\u0103<\/strong> \u00een orice zon\u0103 a construc\u021biei \u2013 de la pere\u021bii de subsol \u0219i socluri p\u00e2n\u0103 la terase, plan\u0219ee \u0219i funda\u021bii.<\/p>\n<p class=\"\" data-start=\"384\" data-end=\"609\"><strong data-start=\"386\" data-end=\"435\">Rezisten\u021b\u0103 excelent\u0103 la umiditate \u0219i presiune<\/strong><br data-start=\"435\" data-end=\"438\" \/><strong data-start=\"440\" data-end=\"486\">Performan\u021b\u0103 superioar\u0103 \u00een condi\u021bii extreme<\/strong><br data-start=\"486\" data-end=\"489\" data-is-only-node=\"\" \/><strong data-start=\"491\" data-end=\"548\">Ideal pentru subsoluri, funda\u021bii, pardoseli \u0219i terase<\/strong><br data-start=\"548\" data-end=\"551\" \/><strong data-start=\"553\" data-end=\"607\">Reduce pierderile de c\u0103ldur\u0103 \u0219i consumul energetic<\/strong><\/p>\n<p class=\"\" data-start=\"611\" data-end=\"828\"><strong data-start=\"611\" data-end=\"640\">Termoizoleaz\u0103 inteligent!<\/strong> Aplicabil at\u00e2t la interior, c\u00e2t \u0219i la exterior, <strong data-start=\"689\" data-end=\"701\">XPS\u00ae TOP<\/strong> previne pierderile de c\u0103ldur\u0103 prin contactul cu solul, asigur\u00e2nd un climat confortabil \u0219i eficien\u021b\u0103 energetic\u0103 pe termen lung.<\/p>\n","protected":false},"excerpt":{"rendered":"<p>Austrotherm XPS\u00ae TOP \u2013 Termoizola\u021bie de \u00cencredere, de la Funda\u021bie la Acoperi\u0219 Pentru protec\u021bie maxim\u0103 \u00eempotriva frigului, umezelii \u0219i solicit\u0103rilor mecanice extreme, Austrotherm XPS\u00ae TOP este solu\u021bia ideal\u0103. Acest polistiren extrudat ofer\u0103 izola\u021bie eficient\u0103 \u00een orice zon\u0103 a construc\u021biei \u2013 de la pere\u021bii de subsol \u0219i socluri p\u00e2n\u0103 la terase, plan\u0219ee \u0219i funda\u021bii. Rezisten\u021b\u0103 excelent\u0103&#8230;<\/p>\n","protected":false},"featured_media":893,"comment_status":"open","ping_status":"closed","template":"","meta":{"_bst_post_transparent":"default","_bst_post_title":"","_bst_post_layout":"default","_bst_post_sidebar_id":"","_bst_post_content_style":"default","_bst_post_vertical_padding":"default","_bst_post_feature":"","_bst_post_feature_position":"","_bst_post_header":false,"_bst_post_footer":false},"product_cat":[15],"product_tag":[],"class_list":{"0":"post-891","1":"product","2":"type-product","3":"status-publish","4":"has-post-thumbnail","6":"product_cat-uncategorized","8":"first","9":"instock","10":"shipping-taxable","11":"purchasable","12":"product-type-variable","13":"entry","14":"content-bg","15":"loop-entry"},"_links":{"self":[{"href":"https:\/\/construiesccasamea.ro\/index.php?rest_route=\/wp\/v2\/product\/891"}],"collection":[{"href":"https:\/\/construiesccasamea.ro\/index.php?rest_route=\/wp\/v2\/product"}],"about":[{"href":"https:\/\/construiesccasamea.ro\/index.php?rest_route=\/wp\/v2\/types\/product"}],"replies":[{"embeddable":true,"href":"https:\/\/construiesccasamea.ro\/index.php?rest_route=%2Fwp%2Fv2%2Fcomments&post=891"}],"wp:featuredmedia":[{"embeddable":true,"href":"https:\/\/construiesccasamea.ro\/index.php?rest_route=\/wp\/v2\/media\/893"}],"wp:attachment":[{"href":"https:\/\/construiesccasamea.ro\/index.php?rest_route=%2Fwp%2Fv2%2Fmedia&parent=891"}],"wp:term":[{"taxonomy":"product_cat","embeddable":true,"href":"https:\/\/construiesccasamea.ro\/index.php?rest_route=%2Fwp%2Fv2%2Fproduct_cat&post=891"},{"taxonomy":"product_tag","embeddable":true,"href":"https:\/\/construiesccasamea.ro\/index.php?rest_route=%2Fwp%2Fv2%2Fproduct_tag&post=891"}],"curies":[{"name":"wp","href":"https:\/\/api.w.org\/{rel}","templated":true}]}}