{"id":886,"date":"2025-03-29T14:25:30","date_gmt":"2025-03-29T14:25:30","guid":{"rendered":"https:\/\/construiesccasamea.ro\/?post_type=product&#038;p=886"},"modified":"2025-04-04T11:46:09","modified_gmt":"2025-04-04T11:46:09","slug":"cui-fixare-sipca-coama-5-cm-x-18-cm","status":"publish","type":"product","link":"https:\/\/construiesccasamea.ro\/?product=cui-fixare-sipca-coama-5-cm-x-18-cm","title":{"rendered":"Cui fixare sipca coama 5 cm x 18 cm"},"content":{"rendered":"<p class=\"\" data-start=\"72\" data-end=\"336\">Garanteaz\u0103 o fixare ferm\u0103 \u0219i de lung\u0103 durat\u0103 pentru <strong data-start=\"124\" data-end=\"144\">\u0219ipcile de coam\u0103<\/strong>, fie ele orizontale sau \u00eenclinate. Conceput pentru <strong data-start=\"196\" data-end=\"221\">siguran\u021b\u0103 \u0219i precizie<\/strong>, acest element se monteaz\u0103 direct pe c\u0103priori, asigur\u00e2nd o sus\u021binere solid\u0103 a \u0219ipcii de coam\u0103 cu doar dou\u0103 cuie.<\/p>\n<p class=\"\" data-start=\"338\" data-end=\"456\"><strong data-start=\"341\" data-end=\"370\">Fixare robust\u0103 \u0219i stabil\u0103<\/strong><br data-start=\"370\" data-end=\"373\" \/><strong data-start=\"376\" data-end=\"408\">Instalare rapid\u0103, f\u0103r\u0103 efort<\/strong><br data-start=\"408\" data-end=\"411\" data-is-only-node=\"\" \/><strong data-start=\"414\" data-end=\"454\">Rezisten\u021b\u0103 \u00eendelungat\u0103 la solicit\u0103ri<\/strong><\/p>\n<p class=\"\" data-start=\"458\" data-end=\"520\"><strong data-start=\"460\" data-end=\"520\" data-is-last-node=\"\">Un detaliu esen\u021bial pentru un acoperi\u0219 perfect executat!<\/strong><\/p>\n","protected":false},"excerpt":{"rendered":"<p>Garanteaz\u0103 o fixare ferm\u0103 \u0219i de lung\u0103 durat\u0103 pentru \u0219ipcile de coam\u0103, fie ele orizontale sau \u00eenclinate. Conceput pentru siguran\u021b\u0103 \u0219i precizie, acest element se monteaz\u0103 direct pe c\u0103priori, asigur\u00e2nd o sus\u021binere solid\u0103 a \u0219ipcii de coam\u0103 cu doar dou\u0103 cuie. Fixare robust\u0103 \u0219i stabil\u0103Instalare rapid\u0103, f\u0103r\u0103 efortRezisten\u021b\u0103 \u00eendelungat\u0103 la solicit\u0103ri Un detaliu esen\u021bial pentru&#8230;<\/p>\n","protected":false},"featured_media":885,"comment_status":"open","ping_status":"closed","template":"","meta":{"_bst_post_transparent":"default","_bst_post_title":"","_bst_post_layout":"default","_bst_post_sidebar_id":"","_bst_post_content_style":"default","_bst_post_vertical_padding":"default","_bst_post_feature":"","_bst_post_feature_position":"","_bst_post_header":false,"_bst_post_footer":false},"product_cat":[125],"product_tag":[],"class_list":{"0":"post-886","1":"product","2":"type-product","3":"status-publish","4":"has-post-thumbnail","6":"product_cat-accesorii-invelitoare","8":"first","9":"instock","10":"shipping-taxable","11":"purchasable","12":"product-type-simple","13":"entry","14":"content-bg","15":"loop-entry"},"_links":{"self":[{"href":"https:\/\/construiesccasamea.ro\/index.php?rest_route=\/wp\/v2\/product\/886"}],"collection":[{"href":"https:\/\/construiesccasamea.ro\/index.php?rest_route=\/wp\/v2\/product"}],"about":[{"href":"https:\/\/construiesccasamea.ro\/index.php?rest_route=\/wp\/v2\/types\/product"}],"replies":[{"embeddable":true,"href":"https:\/\/construiesccasamea.ro\/index.php?rest_route=%2Fwp%2Fv2%2Fcomments&post=886"}],"wp:featuredmedia":[{"embeddable":true,"href":"https:\/\/construiesccasamea.ro\/index.php?rest_route=\/wp\/v2\/media\/885"}],"wp:attachment":[{"href":"https:\/\/construiesccasamea.ro\/index.php?rest_route=%2Fwp%2Fv2%2Fmedia&parent=886"}],"wp:term":[{"taxonomy":"product_cat","embeddable":true,"href":"https:\/\/construiesccasamea.ro\/index.php?rest_route=%2Fwp%2Fv2%2Fproduct_cat&post=886"},{"taxonomy":"product_tag","embeddable":true,"href":"https:\/\/construiesccasamea.ro\/index.php?rest_route=%2Fwp%2Fv2%2Fproduct_tag&post=886"}],"curies":[{"name":"wp","href":"https:\/\/api.w.org\/{rel}","templated":true}]}}