{"id":881,"date":"2025-03-29T14:20:02","date_gmt":"2025-03-29T14:20:02","guid":{"rendered":"https:\/\/construiesccasamea.ro\/?post_type=product&#038;p=881"},"modified":"2025-04-04T12:08:18","modified_gmt":"2025-04-04T12:08:18","slug":"clema-fixare-tigla-debitata","status":"publish","type":"product","link":"https:\/\/construiesccasamea.ro\/?product=clema-fixare-tigla-debitata","title":{"rendered":"Clema fixare tigla debitata"},"content":{"rendered":"<p class=\"\" data-start=\"78\" data-end=\"390\">Nu l\u0103sa v\u00e2ntul s\u0103-\u021bi pun\u0103 acoperi\u0219ul la \u00eencercare! Clema de fixare pentru \u021bigl\u0103 debitata ofer\u0103 <strong data-start=\"173\" data-end=\"193\">siguran\u021b\u0103 maxim\u0103<\/strong> \u00een zonele critice, precum <strong data-start=\"220\" data-end=\"263\">dolia, coamele \u0219i frontoanele \u00eenclinate<\/strong>. Fabricat\u0103 din <strong data-start=\"279\" data-end=\"290\">inox A2<\/strong>, asigur\u0103 <strong data-start=\"300\" data-end=\"350\">durabilitate sporit\u0103 \u0219i rezisten\u021b\u0103 la fisurare<\/strong>, protej\u00e2nd acoperi\u0219ul pe termen lung.<\/p>\n<ul>\n<li data-start=\"392\" data-end=\"496\"><strong data-start=\"394\" data-end=\"420\">Fixare ferm\u0103 \u0219i sigur\u0103<\/strong><\/li>\n<li data-start=\"392\" data-end=\"496\"><strong data-start=\"425\" data-end=\"451\">Montaj simplu \u0219i rapid<\/strong><\/li>\n<li data-start=\"392\" data-end=\"496\"><strong data-start=\"456\" data-end=\"494\">Rezisten\u021b\u0103 excelent\u0103 la intemperii<\/strong><\/li>\n<\/ul>\n<p class=\"\" data-start=\"498\" data-end=\"674\"><strong data-start=\"498\" data-end=\"519\">Cum func\u021bioneaz\u0103?<\/strong><br data-start=\"519\" data-end=\"522\" \/>Clema cu din\u021bi se fixeaz\u0103 pe \u021bigl\u0103, iar s\u00e2rma se prinde de \u0219ipc\u0103 pentru o stabilitate perfect\u0103. Recomandat\u0103 pentru <strong data-start=\"637\" data-end=\"671\">\u021bigle de p\u00e2n\u0103 la 17 mm grosime<\/strong>.<\/p>\n<p class=\"\" data-start=\"676\" data-end=\"755\"><strong data-start=\"679\" data-end=\"755\" data-is-last-node=\"\">Un detaliu mic, o diferen\u021b\u0103 mare! Alege calitatea pentru acoperi\u0219ul t\u0103u!<\/strong><\/p>\n","protected":false},"excerpt":{"rendered":"<p>Nu l\u0103sa v\u00e2ntul s\u0103-\u021bi pun\u0103 acoperi\u0219ul la \u00eencercare! Clema de fixare pentru \u021bigl\u0103 debitata ofer\u0103 siguran\u021b\u0103 maxim\u0103 \u00een zonele critice, precum dolia, coamele \u0219i frontoanele \u00eenclinate. Fabricat\u0103 din inox A2, asigur\u0103 durabilitate sporit\u0103 \u0219i rezisten\u021b\u0103 la fisurare, protej\u00e2nd acoperi\u0219ul pe termen lung. Fixare ferm\u0103 \u0219i sigur\u0103 Montaj simplu \u0219i rapid Rezisten\u021b\u0103 excelent\u0103 la intemperii Cum&#8230;<\/p>\n","protected":false},"featured_media":883,"comment_status":"open","ping_status":"closed","template":"","meta":{"_bst_post_transparent":"default","_bst_post_title":"","_bst_post_layout":"default","_bst_post_sidebar_id":"","_bst_post_content_style":"default","_bst_post_vertical_padding":"default","_bst_post_feature":"","_bst_post_feature_position":"","_bst_post_header":false,"_bst_post_footer":false},"product_cat":[125],"product_tag":[],"class_list":{"0":"post-881","1":"product","2":"type-product","3":"status-publish","4":"has-post-thumbnail","6":"product_cat-accesorii-invelitoare","8":"first","9":"instock","10":"shipping-taxable","11":"purchasable","12":"product-type-simple","13":"entry","14":"content-bg","15":"loop-entry"},"_links":{"self":[{"href":"https:\/\/construiesccasamea.ro\/index.php?rest_route=\/wp\/v2\/product\/881"}],"collection":[{"href":"https:\/\/construiesccasamea.ro\/index.php?rest_route=\/wp\/v2\/product"}],"about":[{"href":"https:\/\/construiesccasamea.ro\/index.php?rest_route=\/wp\/v2\/types\/product"}],"replies":[{"embeddable":true,"href":"https:\/\/construiesccasamea.ro\/index.php?rest_route=%2Fwp%2Fv2%2Fcomments&post=881"}],"wp:featuredmedia":[{"embeddable":true,"href":"https:\/\/construiesccasamea.ro\/index.php?rest_route=\/wp\/v2\/media\/883"}],"wp:attachment":[{"href":"https:\/\/construiesccasamea.ro\/index.php?rest_route=%2Fwp%2Fv2%2Fmedia&parent=881"}],"wp:term":[{"taxonomy":"product_cat","embeddable":true,"href":"https:\/\/construiesccasamea.ro\/index.php?rest_route=%2Fwp%2Fv2%2Fproduct_cat&post=881"},{"taxonomy":"product_tag","embeddable":true,"href":"https:\/\/construiesccasamea.ro\/index.php?rest_route=%2Fwp%2Fv2%2Fproduct_tag&post=881"}],"curies":[{"name":"wp","href":"https:\/\/api.w.org\/{rel}","templated":true}]}}