{"id":808,"date":"2025-03-29T11:29:25","date_gmt":"2025-03-29T11:29:25","guid":{"rendered":"https:\/\/construiesccasamea.ro\/?post_type=product&#038;p=808"},"modified":"2025-03-29T13:36:56","modified_gmt":"2025-03-29T13:36:56","slug":"banda-aerisire-protectie-streasina-caramiziu-5000-x-100-mm","status":"publish","type":"product","link":"https:\/\/construiesccasamea.ro\/?product=banda-aerisire-protectie-streasina-caramiziu-5000-x-100-mm","title":{"rendered":"Band\u0103 protec\u0163ie strea\u015fin\u0103 caramiziu 5000 x 100 mm"},"content":{"rendered":"<p>Band\u0103 de aerisire protec\u0163ie strea\u015fin\u0103 &#8211; Se monteaz\u0103 \u00een lungul liniei de strea\u015fin\u0103 pentru a asigura intrarea aerului de sub ventilare \u0219i asigur\u0103 protec\u021bie \u00eempotriva p\u0103s\u0103rilor \u0219i insectelor mari. La \u0163iglele ondulate se folose\u015fte \u00eempreun\u0103 cu pieptenele de \u00eenchidere; este din material plastic, iar fixarea se realizeaz\u0103 cu ajutorul cuielor sau \u015furuburilor la o distan\u0163\u0103 de 20 cm.<\/p>\n<p>&nbsp;<\/p>\n<p>&nbsp;<\/p>\n","protected":false},"excerpt":{"rendered":"<p>Band\u0103 de aerisire protec\u0163ie strea\u015fin\u0103 &#8211; Se monteaz\u0103 \u00een lungul liniei de strea\u015fin\u0103 pentru a asigura intrarea aerului de sub ventilare \u0219i asigur\u0103 protec\u021bie \u00eempotriva p\u0103s\u0103rilor \u0219i insectelor mari. La \u0163iglele ondulate se folose\u015fte \u00eempreun\u0103 cu pieptenele de \u00eenchidere; este din material plastic, iar fixarea se realizeaz\u0103 cu ajutorul cuielor sau \u015furuburilor la o distan\u0163\u0103&#8230;<\/p>\n","protected":false},"featured_media":810,"comment_status":"open","ping_status":"closed","template":"","meta":{"_bst_post_transparent":"default","_bst_post_title":"","_bst_post_layout":"default","_bst_post_sidebar_id":"","_bst_post_content_style":"default","_bst_post_vertical_padding":"default","_bst_post_feature":"","_bst_post_feature_position":"","_bst_post_header":false,"_bst_post_footer":false},"product_cat":[15,58],"product_tag":[],"class_list":{"0":"post-808","1":"product","2":"type-product","3":"status-publish","4":"has-post-thumbnail","6":"product_cat-uncategorized","7":"product_cat-acoperis","9":"first","10":"instock","11":"shipping-taxable","12":"purchasable","13":"product-type-simple","14":"entry","15":"content-bg","16":"loop-entry"},"_links":{"self":[{"href":"https:\/\/construiesccasamea.ro\/index.php?rest_route=\/wp\/v2\/product\/808"}],"collection":[{"href":"https:\/\/construiesccasamea.ro\/index.php?rest_route=\/wp\/v2\/product"}],"about":[{"href":"https:\/\/construiesccasamea.ro\/index.php?rest_route=\/wp\/v2\/types\/product"}],"replies":[{"embeddable":true,"href":"https:\/\/construiesccasamea.ro\/index.php?rest_route=%2Fwp%2Fv2%2Fcomments&post=808"}],"wp:featuredmedia":[{"embeddable":true,"href":"https:\/\/construiesccasamea.ro\/index.php?rest_route=\/wp\/v2\/media\/810"}],"wp:attachment":[{"href":"https:\/\/construiesccasamea.ro\/index.php?rest_route=%2Fwp%2Fv2%2Fmedia&parent=808"}],"wp:term":[{"taxonomy":"product_cat","embeddable":true,"href":"https:\/\/construiesccasamea.ro\/index.php?rest_route=%2Fwp%2Fv2%2Fproduct_cat&post=808"},{"taxonomy":"product_tag","embeddable":true,"href":"https:\/\/construiesccasamea.ro\/index.php?rest_route=%2Fwp%2Fv2%2Fproduct_tag&post=808"}],"curies":[{"name":"wp","href":"https:\/\/api.w.org\/{rel}","templated":true}]}}