{"id":795,"date":"2025-03-29T09:38:58","date_gmt":"2025-03-29T09:38:58","guid":{"rendered":"https:\/\/construiesccasamea.ro\/?post_type=product&#038;p=795"},"modified":"2025-07-19T06:28:09","modified_gmt":"2025-07-19T06:28:09","slug":"folie-pt-constructii-25x4-ml-grosime-0-15-mm","status":"publish","type":"product","link":"https:\/\/construiesccasamea.ro\/?product=folie-pt-constructii-25x4-ml-grosime-0-15-mm","title":{"rendered":"Folie pt constructii 25&#215;4 ml, grosime 0.15 mm"},"content":{"rendered":"<table id=\"product-attribute-specs-table\" class=\"data table additional-attributes\">\n<tbody>\n<tr class=\"\">\n<th class=\"col label\" scope=\"row\">Material<\/th>\n<td class=\"col data\" data-th=\"Material\">reciclat LDPE<\/td>\n<\/tr>\n<tr class=\"\">\n<th class=\"col label\" scope=\"row\">Lungime (m)<\/th>\n<td class=\"col data\" data-th=\"Lungime (m)\">25<\/td>\n<\/tr>\n<tr class=\"\">\n<th class=\"col label\" scope=\"row\">Latime (m)<\/th>\n<td class=\"col data\" data-th=\"Latime (m)\">4<\/td>\n<\/tr>\n<tr class=\"\">\n<th class=\"col label\" scope=\"row\">Utilizare<\/th>\n<td class=\"col data\" data-th=\"Utilizare\">constructii, amenajari interioare si exterioare<\/td>\n<\/tr>\n<tr class=\"\">\n<th class=\"col label\" scope=\"row\">Numar straturi pentru folie<\/th>\n<td class=\"col data\" data-th=\"Numar straturi pentru folie\">1<\/td>\n<\/tr>\n<tr class=\"\">\n<th class=\"col label\" scope=\"row\">Densitate (g\/cmc)<\/th>\n<td class=\"col data\" data-th=\"Densitate (g\/cmc)\">0.92<\/td>\n<\/tr>\n<tr class=\"\">\n<th class=\"col label\" scope=\"row\">Rezistenta la solutii agresive<\/th>\n<td class=\"col data\" data-th=\"Rezistenta la solutii agresive\">da<\/td>\n<\/tr>\n<tr class=\"\">\n<th class=\"col label\" scope=\"row\">Culoare<\/th>\n<td class=\"col data\" data-th=\"Culoare\">negru<\/td>\n<\/tr>\n<tr class=\"\">\n<th class=\"col label\" scope=\"row\">Grosime (mm)<\/th>\n<td class=\"col data\" data-th=\"Grosime (mm)\">0.15<\/td>\n<\/tr>\n<tr class=\"\">\n<th class=\"col label\" scope=\"row\">Temperatura de depozitare (\u00b0C)<\/th>\n<td class=\"col data\" data-th=\"Temperatura de depozitare (\u00b0C)\">temperaturi cuprinse intre +5 \u00b0C si + 25 \u00b0C<\/td>\n<\/tr>\n<tr class=\"\">\n<th class=\"col label\" scope=\"row\">Umiditate de operare (%)<\/th>\n<td class=\"col data\" data-th=\"Umiditate de operare (%)\">30% &#8211; 35%<\/td>\n<\/tr>\n<tr class=\"\">\n<th class=\"col label\" scope=\"row\">Greutate (kg\/m liniar)<\/th>\n<td class=\"col data\" data-th=\"Greutate (kg\/m liniar)\">0.502 kg<\/td>\n<\/tr>\n<\/tbody>\n<\/table>\n","protected":false},"excerpt":{"rendered":"<p>Indispensabil\u0103 \u00een orice proiect de construc\u021bie sau renovare, aceast\u0103 folie asigur\u0103 protec\u021bia suprafe\u021belor \u00eenainte de turnarea betonului \u0219i ap\u0103r\u0103 obiectele din jur \u00een timpul lucr\u0103rilor interioare sau exterioare. Cu un scut eficient \u00eempotriva umezelii, prafului \u0219i petelor de vopsea, folia men\u021bine spa\u021biul curat \u0219i sigur, facilit\u00e2nd un proces de lucru f\u0103r\u0103 griji.<\/p>\n","protected":false},"featured_media":796,"comment_status":"open","ping_status":"closed","template":"","meta":{"_bst_post_transparent":"default","_bst_post_title":"","_bst_post_layout":"default","_bst_post_sidebar_id":"","_bst_post_content_style":"default","_bst_post_vertical_padding":"default","_bst_post_feature":"","_bst_post_feature_position":"","_bst_post_header":false,"_bst_post_footer":false},"product_cat":[15,101,55,35],"product_tag":[],"class_list":{"0":"post-795","1":"product","2":"type-product","3":"status-publish","4":"has-post-thumbnail","6":"product_cat-uncategorized","7":"product_cat-accesorii-montaj-armaturi","8":"product_cat-magazinul-nostru","9":"product_cat-otel-beton-si-armaturi","11":"first","12":"instock","13":"shipping-taxable","14":"purchasable","15":"product-type-simple","16":"entry","17":"content-bg","18":"loop-entry"},"_links":{"self":[{"href":"https:\/\/construiesccasamea.ro\/index.php?rest_route=\/wp\/v2\/product\/795"}],"collection":[{"href":"https:\/\/construiesccasamea.ro\/index.php?rest_route=\/wp\/v2\/product"}],"about":[{"href":"https:\/\/construiesccasamea.ro\/index.php?rest_route=\/wp\/v2\/types\/product"}],"replies":[{"embeddable":true,"href":"https:\/\/construiesccasamea.ro\/index.php?rest_route=%2Fwp%2Fv2%2Fcomments&post=795"}],"wp:featuredmedia":[{"embeddable":true,"href":"https:\/\/construiesccasamea.ro\/index.php?rest_route=\/wp\/v2\/media\/796"}],"wp:attachment":[{"href":"https:\/\/construiesccasamea.ro\/index.php?rest_route=%2Fwp%2Fv2%2Fmedia&parent=795"}],"wp:term":[{"taxonomy":"product_cat","embeddable":true,"href":"https:\/\/construiesccasamea.ro\/index.php?rest_route=%2Fwp%2Fv2%2Fproduct_cat&post=795"},{"taxonomy":"product_tag","embeddable":true,"href":"https:\/\/construiesccasamea.ro\/index.php?rest_route=%2Fwp%2Fv2%2Fproduct_tag&post=795"}],"curies":[{"name":"wp","href":"https:\/\/api.w.org\/{rel}","templated":true}]}}