{"id":792,"date":"2025-03-25T07:47:27","date_gmt":"2025-03-25T07:47:27","guid":{"rendered":"https:\/\/construiesccasamea.ro\/?post_type=product&#038;p=792"},"modified":"2025-03-25T07:48:03","modified_gmt":"2025-03-25T07:48:03","slug":"plasa-sudata-6x100x100x2000x6000","status":"publish","type":"product","link":"https:\/\/construiesccasamea.ro\/?product=plasa-sudata-6x100x100x2000x6000","title":{"rendered":"Plasa sudata 6x100x100x2000x6000"},"content":{"rendered":"<table class=\"bordered\">\n<tbody>\n<tr>\n<th colspan=\"2\">Detalii<\/th>\n<\/tr>\n<tr>\n<td style=\"width: 150px;\"><strong>Dimensiune<\/strong><\/td>\n<td>6x100x100x2000x6000<\/td>\n<\/tr>\n<tr>\n<td style=\"width: 150px;\"><\/td>\n<td><\/td>\n<\/tr>\n<tr>\n<td style=\"width: 150px;\"><\/td>\n<td><\/td>\n<\/tr>\n<tr>\n<td style=\"width: 150px;\"><\/td>\n<td><\/td>\n<\/tr>\n<tr>\n<td style=\"width: 150px;\"><\/td>\n<td><\/td>\n<\/tr>\n<tr>\n<td style=\"width: 150px;\"><\/td>\n<td><\/td>\n<\/tr>\n<tr>\n<td style=\"width: 150px;\"><\/td>\n<td><\/td>\n<\/tr>\n<tr>\n<td style=\"width: 150px;\"><\/td>\n<td><\/td>\n<\/tr>\n<tr>\n<td style=\"width: 150px;\"><\/td>\n<td><\/td>\n<\/tr>\n<tr>\n<td style=\"width: 150px;\"><\/td>\n<td><\/td>\n<\/tr>\n<tr>\n<td style=\"width: 150px;\"><\/td>\n<td><\/td>\n<\/tr>\n<tr>\n<td style=\"width: 150px;\"><\/td>\n<td><\/td>\n<\/tr>\n<tr>\n<td style=\"width: 150px;\"><\/td>\n<td><\/td>\n<\/tr>\n<tr>\n<td style=\"width: 150px;\"><\/td>\n<td><\/td>\n<\/tr>\n<\/tbody>\n<\/table>\n","protected":false},"excerpt":{"rendered":"<p class=\"\" data-start=\"0\" data-end=\"254\">Plasa sudat\u0103 din o\u021bel este un material metalurgic utilizat pentru armarea betonului. Confec\u021bionat\u0103 din fir de o\u021bel cu grosimea de 6 mm \u0219i ochiuri de 100 x 100 mm, aceasta respect\u0103 cerin\u021bele standardului SR 438\/3\/2012 privind geometria s\u00e2rmei profilate.<\/p>\n<p class=\"\" data-start=\"256\" data-end=\"405\">Pe l\u00e2ng\u0103 utilizarea sa \u00een construc\u021bii, plasa sudat\u0103 este potrivit\u0103 \u0219i pentru \u00eemprejmuiri, confec\u021bii metalice, realizarea cu\u0219tilor sau a rafturilor.<\/p>\n<p class=\"\" data-start=\"407\" data-end=\"448\">Produsul se comercializeaz\u0103 individual.<\/p>\n<p class=\"\" data-start=\"450\" data-end=\"628\">Expunerea la umiditate poate duce la apari\u021bia unor urme fine de rugin\u0103 pe materialele feroase, \u00eens\u0103 acest fenomen natural nu influen\u021beaz\u0103 dimensiunile sau structura produsului.<\/p>\n<p class=\"\" data-start=\"630\" data-end=\"742\">Livrarea se efectueaz\u0103 conform normelor \u00een vigoare \u0219i \u00een concordan\u021b\u0103 cu reglement\u0103rile standardului SR EN 10219.<\/p>\n","protected":false},"featured_media":667,"comment_status":"open","ping_status":"closed","template":"","meta":{"_bst_post_transparent":"default","_bst_post_title":"","_bst_post_layout":"default","_bst_post_sidebar_id":"","_bst_post_content_style":"default","_bst_post_vertical_padding":"default","_bst_post_feature":"","_bst_post_feature_position":"","_bst_post_header":false,"_bst_post_footer":false},"product_cat":[55,35,78],"product_tag":[],"class_list":{"0":"post-792","1":"product","2":"type-product","3":"status-publish","4":"has-post-thumbnail","6":"product_cat-magazinul-nostru","7":"product_cat-otel-beton-si-armaturi","8":"product_cat-plasa-sudata-si-panouri-sudate","10":"first","11":"instock","12":"shipping-taxable","13":"purchasable","14":"product-type-simple","15":"entry","16":"content-bg","17":"loop-entry"},"_links":{"self":[{"href":"https:\/\/construiesccasamea.ro\/index.php?rest_route=\/wp\/v2\/product\/792"}],"collection":[{"href":"https:\/\/construiesccasamea.ro\/index.php?rest_route=\/wp\/v2\/product"}],"about":[{"href":"https:\/\/construiesccasamea.ro\/index.php?rest_route=\/wp\/v2\/types\/product"}],"replies":[{"embeddable":true,"href":"https:\/\/construiesccasamea.ro\/index.php?rest_route=%2Fwp%2Fv2%2Fcomments&post=792"}],"wp:featuredmedia":[{"embeddable":true,"href":"https:\/\/construiesccasamea.ro\/index.php?rest_route=\/wp\/v2\/media\/667"}],"wp:attachment":[{"href":"https:\/\/construiesccasamea.ro\/index.php?rest_route=%2Fwp%2Fv2%2Fmedia&parent=792"}],"wp:term":[{"taxonomy":"product_cat","embeddable":true,"href":"https:\/\/construiesccasamea.ro\/index.php?rest_route=%2Fwp%2Fv2%2Fproduct_cat&post=792"},{"taxonomy":"product_tag","embeddable":true,"href":"https:\/\/construiesccasamea.ro\/index.php?rest_route=%2Fwp%2Fv2%2Fproduct_tag&post=792"}],"curies":[{"name":"wp","href":"https:\/\/api.w.org\/{rel}","templated":true}]}}