{"id":763,"date":"2025-03-22T10:52:11","date_gmt":"2025-03-22T10:52:11","guid":{"rendered":"https:\/\/construiesccasamea.ro\/?post_type=product&#038;p=763"},"modified":"2025-03-29T09:19:14","modified_gmt":"2025-03-29T09:19:14","slug":"evoceramic-10-nf","status":"publish","type":"product","link":"https:\/\/construiesccasamea.ro\/?product=evoceramic-10-nf","title":{"rendered":"Evoceramic 10 NF"},"content":{"rendered":"<div class=\"tr-left\">\n<div class=\"tr\">\n<div class=\"td\">\n<div class=\"tr-left\">\n<div class=\"tr\">\n<div class=\"td\">\n<div class=\"tr-left\">\n<div class=\"tr\">\n<div class=\"td\">Dimensiuni: 500\/100\/238 mm<\/div>\n<\/div>\n<div class=\"tr\">\n<div class=\"td\">Indice de izolare acustic\u0103 (Rw): 40 dB<\/div>\n<\/div>\n<div class=\"tr\">\n<div class=\"td\">Rezisten\u021b\u0103 medie la compresiune (f<sub>b, med<\/sub>): 7.5 N\/mm\u00b2<\/div>\n<\/div>\n<div class=\"tr\">\n<div class=\"td\">Volum de goluri: &lt; 55%<\/div>\n<\/div>\n<div class=\"tr\">\n<div class=\"td\">Greutate medie\/c\u0103r\u0103mid\u0103: cca. 9,2 kg<\/div>\n<\/div>\n<div class=\"tr\">\n<div class=\"td\">Densitate aparent\u0103: cca. 770 kg\/ m\u00b3<\/div>\n<\/div>\n<div class=\"tr\">\n<div class=\"td\">Reac\u021bia la foc: Clasa A1<\/div>\n<\/div>\n<div class=\"tr\">\n<div class=\"td\">Nr. c\u0103r\u0103mizi\/m\u00b3 de zid\u0103rie: 80 buc.<\/div>\n<\/div>\n<\/div>\n<div class=\"tr-right\">\n<div class=\"tr\">\n<div class=\"td\">Nr. c\u0103r\u0103mizi\/m\u00b2 de zid\u0103rie: 8 buc.<\/div>\n<\/div>\n<div class=\"tr\">\n<div class=\"td\">Consum de mortar\/m\u00b3 de zid\u0103rie: 50 litri\/m\u00b3<\/div>\n<\/div>\n<div class=\"tr\">\n<div class=\"td\">Consum de manoper\u0103\/m\u00b3 de zid\u0103rie: 2.45 ore\/m\u00b3<\/div>\n<\/div>\n<div class=\"tr\">\n<div class=\"td\">Tip zid\u0103rie: neportant\u0103<\/div>\n<\/div>\n<div class=\"tr\">\n<div class=\"td\">Destina\u021bie: interior<\/div>\n<\/div>\n<div class=\"tr\">\n<div class=\"td\">Nr. c\u0103r\u0103mizi\/palet (1000x1200mm) 80 buc. \/ palet<\/div>\n<\/div>\n<div class=\"tr\">\n<div class=\"td\">Nr. m\u00b3 de zid\u0103rie\/palet 1.00 m\u00b3 zidarie\/palet<\/div>\n<\/div>\n<\/div>\n<\/div>\n<\/div>\n<\/div>\n<\/div>\n<\/div>\n<\/div>\n","protected":false},"excerpt":{"rendered":"<p>C\u0103r\u0103mid\u0103 cu nut \u0219i feder cu lungime extinsa, neportanta pentru pere\u021bi de compartimentare cu grosimea de 10 cm<\/p>\n","protected":false},"featured_media":764,"comment_status":"open","ping_status":"closed","template":"","meta":{"_bst_post_transparent":"default","_bst_post_title":"","_bst_post_layout":"default","_bst_post_sidebar_id":"","_bst_post_content_style":"default","_bst_post_vertical_padding":"default","_bst_post_feature":"","_bst_post_feature_position":"","_bst_post_header":false,"_bst_post_footer":false},"product_cat":[79,55,49],"product_tag":[115,102,104,103],"class_list":{"0":"post-763","1":"product","2":"type-product","3":"status-publish","4":"has-post-thumbnail","6":"product_cat-caramizi-de-zidarie-rosie","7":"product_cat-magazinul-nostru","8":"product_cat-zidarie","9":"product_tag-10-nf","10":"product_tag-caramida","11":"product_tag-cemacon","12":"product_tag-zidarie","14":"first","15":"instock","16":"shipping-taxable","17":"product-type-simple","18":"entry","19":"content-bg","20":"loop-entry"},"_links":{"self":[{"href":"https:\/\/construiesccasamea.ro\/index.php?rest_route=\/wp\/v2\/product\/763"}],"collection":[{"href":"https:\/\/construiesccasamea.ro\/index.php?rest_route=\/wp\/v2\/product"}],"about":[{"href":"https:\/\/construiesccasamea.ro\/index.php?rest_route=\/wp\/v2\/types\/product"}],"replies":[{"embeddable":true,"href":"https:\/\/construiesccasamea.ro\/index.php?rest_route=%2Fwp%2Fv2%2Fcomments&post=763"}],"wp:featuredmedia":[{"embeddable":true,"href":"https:\/\/construiesccasamea.ro\/index.php?rest_route=\/wp\/v2\/media\/764"}],"wp:attachment":[{"href":"https:\/\/construiesccasamea.ro\/index.php?rest_route=%2Fwp%2Fv2%2Fmedia&parent=763"}],"wp:term":[{"taxonomy":"product_cat","embeddable":true,"href":"https:\/\/construiesccasamea.ro\/index.php?rest_route=%2Fwp%2Fv2%2Fproduct_cat&post=763"},{"taxonomy":"product_tag","embeddable":true,"href":"https:\/\/construiesccasamea.ro\/index.php?rest_route=%2Fwp%2Fv2%2Fproduct_tag&post=763"}],"curies":[{"name":"wp","href":"https:\/\/api.w.org\/{rel}","templated":true}]}}