{"id":742,"date":"2024-10-26T11:28:51","date_gmt":"2024-10-26T11:28:51","guid":{"rendered":"https:\/\/construiesccasamea.ro\/?post_type=product&#038;p=742"},"modified":"2025-03-29T09:24:12","modified_gmt":"2025-03-29T09:24:12","slug":"evoceramic-29-forte","status":"publish","type":"product","link":"https:\/\/construiesccasamea.ro\/?product=evoceramic-29-forte","title":{"rendered":"Evoceramic 29 FORTE"},"content":{"rendered":"<div class=\"tr-left\">\n<div class=\"tr\">\n<div class=\"td\">Dimensiuni 240\/290\/238 mm<\/div>\n<\/div>\n<div class=\"tr\">\n<div class=\"td\">Rezisten\u0163\u0103 la transfer termic (R) 1.46 m2K\/W<\/div>\n<\/div>\n<div class=\"tr\">\n<div class=\"td\">Conductivitate termic\u0103 (\u03bb10, uscat, element) 0.199 W\/mK<\/div>\n<\/div>\n<div class=\"tr\">\n<div class=\"td\">Rezisten\u0163\u0103 medie la compresiune (fb,med) 15 N\/mm2<\/div>\n<\/div>\n<div class=\"tr\">\n<div class=\"td\">Volum de goluri &lt; 50%<\/div>\n<\/div>\n<div class=\"tr\">\n<div class=\"td\">Greutate medie\/c\u0103r\u0103mid\u0103 cca. 13.5 kg<\/div>\n<\/div>\n<div class=\"tr\">\n<div class=\"td\">Densitate aparent\u0103 cca. 775 kg\/m3<\/div>\n<\/div>\n<\/div>\n<div class=\"tr-right\">\n<div class=\"tr\">\n<div class=\"td\">Reac\u0163ia la foc Clasa A1<\/div>\n<\/div>\n<div class=\"tr\">\n<div class=\"td\">Nr. c\u0103r\u0103mizi\/m3 de zid\u0103rie 57.5 buc.<\/div>\n<\/div>\n<div class=\"tr\">\n<div class=\"td\">Nr. c\u0103r\u0103mizi\/m2 de zid\u0103rie 16.5 buc.<\/div>\n<\/div>\n<div class=\"tr\">\n<div class=\"td\">Consum de mortar\/m3 de zid\u0103rie 99 litri\/m3<\/div>\n<\/div>\n<div class=\"tr\">\n<div class=\"td\">Consum de manoper\u0103\/m3 de zid\u0103rie 3.22 ore\/m3<\/div>\n<\/div>\n<div class=\"tr\">\n<div class=\"td\">Tip zid\u0103rie: portant\u0103<\/div>\n<\/div>\n<div class=\"tr\">\n<div class=\"td\">Destina\u021bie: interior\/exterior<\/div>\n<\/div>\n<\/div>\n","protected":false},"excerpt":{"rendered":"<p>C\u0103r\u0103mid\u0103 cu loca\u0219 mortar\/portanta, cu elemente de ghidaj, pentru ziduri cu grosime de 29 cm<\/p>\n","protected":false},"featured_media":743,"comment_status":"open","ping_status":"closed","template":"","meta":{"_bst_post_transparent":"default","_bst_post_title":"","_bst_post_layout":"default","_bst_post_sidebar_id":"","_bst_post_content_style":"default","_bst_post_vertical_padding":"default","_bst_post_feature":"","_bst_post_feature_position":"","_bst_post_header":false,"_bst_post_footer":false},"product_cat":[79,55,49],"product_tag":[107,108,102,104,103],"class_list":{"0":"post-742","1":"product","2":"type-product","3":"status-publish","4":"has-post-thumbnail","6":"product_cat-caramizi-de-zidarie-rosie","7":"product_cat-magazinul-nostru","8":"product_cat-zidarie","9":"product_tag-29-lm","10":"product_tag-29-lms","11":"product_tag-caramida","12":"product_tag-cemacon","13":"product_tag-zidarie","15":"first","16":"instock","17":"shipping-taxable","18":"product-type-simple","19":"entry","20":"content-bg","21":"loop-entry"},"_links":{"self":[{"href":"https:\/\/construiesccasamea.ro\/index.php?rest_route=\/wp\/v2\/product\/742"}],"collection":[{"href":"https:\/\/construiesccasamea.ro\/index.php?rest_route=\/wp\/v2\/product"}],"about":[{"href":"https:\/\/construiesccasamea.ro\/index.php?rest_route=\/wp\/v2\/types\/product"}],"replies":[{"embeddable":true,"href":"https:\/\/construiesccasamea.ro\/index.php?rest_route=%2Fwp%2Fv2%2Fcomments&post=742"}],"wp:featuredmedia":[{"embeddable":true,"href":"https:\/\/construiesccasamea.ro\/index.php?rest_route=\/wp\/v2\/media\/743"}],"wp:attachment":[{"href":"https:\/\/construiesccasamea.ro\/index.php?rest_route=%2Fwp%2Fv2%2Fmedia&parent=742"}],"wp:term":[{"taxonomy":"product_cat","embeddable":true,"href":"https:\/\/construiesccasamea.ro\/index.php?rest_route=%2Fwp%2Fv2%2Fproduct_cat&post=742"},{"taxonomy":"product_tag","embeddable":true,"href":"https:\/\/construiesccasamea.ro\/index.php?rest_route=%2Fwp%2Fv2%2Fproduct_tag&post=742"}],"curies":[{"name":"wp","href":"https:\/\/api.w.org\/{rel}","templated":true}]}}