{"id":740,"date":"2024-10-26T11:23:25","date_gmt":"2024-10-26T11:23:25","guid":{"rendered":"https:\/\/construiesccasamea.ro\/?post_type=product&#038;p=740"},"modified":"2025-03-29T09:25:54","modified_gmt":"2025-03-29T09:25:54","slug":"evoceramic-29","status":"publish","type":"product","link":"https:\/\/construiesccasamea.ro\/?product=evoceramic-29","title":{"rendered":"Evoceramic 29"},"content":{"rendered":"<div class=\"tr-left\">\n<div class=\"tr\">\n<div class=\"td\">Dimensiuni: 240\/290\/238 mm<\/div>\n<\/div>\n<div class=\"tr\">\n<div class=\"td\">Rezisten\u021b\u0103 la transfer termic (R): 1.66 m\u00b2K\/W<\/div>\n<\/div>\n<div class=\"tr\">\n<div class=\"td\">Conductivitate termic\u0103 (\u03bb<sub>10, uscat, bloc<\/sub>): 0.175 W\/mK<\/div>\n<\/div>\n<div class=\"tr\">\n<div class=\"td\">Rezisten\u021b\u0103 medie la compresiune (f<sub>b, med<\/sub>): 10 N\/mm\u00b2<\/div>\n<\/div>\n<div class=\"tr\">\n<div class=\"td\">Volum de goluri: &lt; 55%<\/div>\n<\/div>\n<div class=\"tr\">\n<div class=\"td\">Greutate medie\/c\u0103r\u0103mid\u0103: cca. 12 kg<\/div>\n<\/div>\n<div class=\"tr\">\n<div class=\"td\">Densitate aparent\u0103: cca. 740 kg\/ m3<\/div>\n<\/div>\n<div class=\"tr\">\n<div class=\"td\">Reac\u021bia la foc: Clasa A1<\/div>\n<\/div>\n<\/div>\n<div class=\"tr-right\">\n<div class=\"tr\">\n<div class=\"td\">Nr. c\u0103r\u0103mizi\/m\u00b3 de zid\u0103rie: 55\/55.5 buc.<\/div>\n<\/div>\n<div class=\"tr\">\n<div class=\"td\">Nr. c\u0103r\u0103mizi\/m\u00b2 de zid\u0103rie: 16\/13.3 buc.<\/div>\n<\/div>\n<div class=\"tr\">\n<div class=\"td\">Consum de mortar \/m\u00b3 de zid\u0103rie: 99 litri\/m\u00b3<\/div>\n<\/div>\n<div class=\"tr\">\n<div class=\"td\">Consum de manoper\u0103 \/m\u00b3 de zid\u0103rie: 3.19 ore\/m\u00b3<\/div>\n<\/div>\n<div class=\"tr\">\n<div class=\"td\">Tip zid\u0103rie: portant\u0103\/neportant\u0103<\/div>\n<\/div>\n<div class=\"tr\">\n<div class=\"td\">Destina\u021bie: interior\/exterior<\/div>\n<\/div>\n<div class=\"tr\">\n<div class=\"td\">Nr. c\u0103r\u0103mizi\/palet (1000x1200mm) 96 buc. \/palet<\/div>\n<\/div>\n<div class=\"tr\">\n<div class=\"td\">Nr. m\u00b3 de zid\u0103rie\/palet 1.74 m\u00b3 zidarie\/palet<\/div>\n<\/div>\n<\/div>\n<p>&nbsp;<\/p>\n<p>&nbsp;<\/p>\n","protected":false},"excerpt":{"rendered":"<p>C\u0103r\u0103mid\u0103 destinat\u0103 realiz\u0103rii zid\u0103riei de 29 cm respectiv 24 cm grosime<\/p>\n","protected":false},"featured_media":744,"comment_status":"open","ping_status":"closed","template":"","meta":{"_bst_post_transparent":"default","_bst_post_title":"","_bst_post_layout":"default","_bst_post_sidebar_id":"","_bst_post_content_style":"default","_bst_post_vertical_padding":"default","_bst_post_feature":"","_bst_post_feature_position":"","_bst_post_header":false,"_bst_post_footer":false},"product_cat":[79,55,49],"product_tag":[105,106,102,104,103],"class_list":{"0":"post-740","1":"product","2":"type-product","3":"status-publish","4":"has-post-thumbnail","6":"product_cat-caramizi-de-zidarie-rosie","7":"product_cat-magazinul-nostru","8":"product_cat-zidarie","9":"product_tag-29-ar","10":"product_tag-29-evo","11":"product_tag-caramida","12":"product_tag-cemacon","13":"product_tag-zidarie","15":"first","16":"instock","17":"shipping-taxable","18":"product-type-simple","19":"entry","20":"content-bg","21":"loop-entry"},"_links":{"self":[{"href":"https:\/\/construiesccasamea.ro\/index.php?rest_route=\/wp\/v2\/product\/740"}],"collection":[{"href":"https:\/\/construiesccasamea.ro\/index.php?rest_route=\/wp\/v2\/product"}],"about":[{"href":"https:\/\/construiesccasamea.ro\/index.php?rest_route=\/wp\/v2\/types\/product"}],"replies":[{"embeddable":true,"href":"https:\/\/construiesccasamea.ro\/index.php?rest_route=%2Fwp%2Fv2%2Fcomments&post=740"}],"wp:featuredmedia":[{"embeddable":true,"href":"https:\/\/construiesccasamea.ro\/index.php?rest_route=\/wp\/v2\/media\/744"}],"wp:attachment":[{"href":"https:\/\/construiesccasamea.ro\/index.php?rest_route=%2Fwp%2Fv2%2Fmedia&parent=740"}],"wp:term":[{"taxonomy":"product_cat","embeddable":true,"href":"https:\/\/construiesccasamea.ro\/index.php?rest_route=%2Fwp%2Fv2%2Fproduct_cat&post=740"},{"taxonomy":"product_tag","embeddable":true,"href":"https:\/\/construiesccasamea.ro\/index.php?rest_route=%2Fwp%2Fv2%2Fproduct_tag&post=740"}],"curies":[{"name":"wp","href":"https:\/\/api.w.org\/{rel}","templated":true}]}}