{"id":1210,"date":"2025-04-11T04:40:38","date_gmt":"2025-04-11T04:40:38","guid":{"rendered":"https:\/\/construiesccasamea.ro\/?post_type=product&#038;p=1210"},"modified":"2025-04-14T11:56:20","modified_gmt":"2025-04-14T11:56:20","slug":"saiba-plata-pentru-lemn","status":"publish","type":"product","link":"https:\/\/construiesccasamea.ro\/?product=saiba-plata-pentru-lemn","title":{"rendered":"Saiba plata pentru lemn"},"content":{"rendered":"<h3 class=\"\" data-start=\"174\" data-end=\"216\"><strong data-start=\"178\" data-end=\"214\">\u0218aib\u0103 plat\u0103 pentru lemn DIN 440R<\/strong><\/h3>\n<p class=\"\" data-start=\"217\" data-end=\"301\"><strong data-start=\"217\" data-end=\"301\">Pentru lemn | Diametru mare | Compatibil\u0103 cu piuli\u021b\u0103 hexagonal\u0103 \u0219i tij\u0103 filetat\u0103<\/strong><\/p>\n<h4 class=\"\" data-start=\"303\" data-end=\"331\"><strong data-start=\"308\" data-end=\"329\">Descriere produs:<\/strong><\/h4>\n<p class=\"\" data-start=\"332\" data-end=\"647\">\u0218aiba plat\u0103 DIN 440R este conceput\u0103 special pentru utilizarea \u00een lucr\u0103ri din lemn, oferind o suprafa\u021b\u0103 mare de sprijin pentru a distribui uniform presiunea de str\u00e2ngere. Se utilizeaz\u0103 \u00een combina\u021bie cu piuli\u021be hexagonale \u0219i tije filetate, fiind ideal\u0103 pentru aplica\u021bii unde este necesar\u0103 o fixare robust\u0103 \u0219i stabil\u0103.<\/p>\n<p class=\"\" data-start=\"649\" data-end=\"792\">Forma cu diametru extins previne afundarea \u00een materialele lemnoase \u0219i protejeaz\u0103 suprafa\u021ba de eventuale deform\u0103ri sau deterior\u0103ri la str\u00e2ngere.<\/p>\n<hr class=\"\" data-start=\"794\" data-end=\"797\" \/>\n<h4 class=\"\" data-start=\"799\" data-end=\"830\"><strong data-start=\"804\" data-end=\"830\">Aplica\u021bii recomandate:<\/strong><\/h4>\n<ul data-start=\"831\" data-end=\"1006\">\n<li class=\"\" data-start=\"831\" data-end=\"855\">\n<p class=\"\" data-start=\"833\" data-end=\"855\">Construc\u021bii din lemn<\/p>\n<\/li>\n<li class=\"\" data-start=\"856\" data-end=\"904\">\n<p class=\"\" data-start=\"858\" data-end=\"904\">Structuri portante \u0219i \u00eembin\u0103ri din dulgherie<\/p>\n<\/li>\n<li class=\"\" data-start=\"905\" data-end=\"944\">\n<p class=\"\" data-start=\"907\" data-end=\"944\">Montaj de grinzi, st\u00e2lpi \u0219i panouri<\/p>\n<\/li>\n<li class=\"\" data-start=\"945\" data-end=\"1006\">\n<p class=\"\" data-start=\"947\" data-end=\"1006\">Utilizare \u00eempreun\u0103 cu tije filetate \u0219i piuli\u021be hexagonale<\/p>\n<\/li>\n<\/ul>\n<hr class=\"\" data-start=\"1008\" data-end=\"1011\" \/>\n<h4 class=\"\" data-start=\"1013\" data-end=\"1043\"><strong data-start=\"1018\" data-end=\"1043\">Specifica\u021bii tehnice:<\/strong><\/h4>\n<ul data-start=\"1044\" data-end=\"1274\">\n<li class=\"\" data-start=\"1044\" data-end=\"1070\">\n<p class=\"\" data-start=\"1046\" data-end=\"1070\"><strong data-start=\"1046\" data-end=\"1059\">Standard:<\/strong> DIN 440R<\/p>\n<\/li>\n<li class=\"\" data-start=\"1071\" data-end=\"1093\">\n<p class=\"\" data-start=\"1073\" data-end=\"1093\"><strong data-start=\"1073\" data-end=\"1086\">Material:<\/strong> O\u021bel<\/p>\n<\/li>\n<li class=\"\" data-start=\"1094\" data-end=\"1149\">\n<p class=\"\" data-start=\"1096\" data-end=\"1149\"><strong data-start=\"1096\" data-end=\"1108\">Finisaj:<\/strong> Zincat (pentru protec\u021bie anticoroziv\u0103)<\/p>\n<\/li>\n<li class=\"\" data-start=\"1150\" data-end=\"1215\">\n<p class=\"\" data-start=\"1152\" data-end=\"1215\"><strong data-start=\"1152\" data-end=\"1162\">Form\u0103:<\/strong> \u0218aib\u0103 plat\u0103 cu diametru mare, special\u0103 pentru lemn<\/p>\n<\/li>\n<li class=\"\" data-start=\"1216\" data-end=\"1274\">\n<p class=\"\" data-start=\"1218\" data-end=\"1274\"><strong data-start=\"1218\" data-end=\"1238\">Compatibilitate:<\/strong> Tije filetate, piuli\u021be hexagonale<\/p>\n<\/li>\n<\/ul>\n<hr class=\"\" data-start=\"1276\" data-end=\"1279\" \/>\n<h4 class=\"\" data-start=\"1281\" data-end=\"1300\"><strong data-start=\"1286\" data-end=\"1300\">Beneficii:<\/strong><\/h4>\n<ul data-start=\"1301\" data-end=\"1499\">\n<li class=\"\" data-start=\"1301\" data-end=\"1346\">\n<p class=\"\" data-start=\"1303\" data-end=\"1346\">Distribuie uniform presiunea de str\u00e2ngere<\/p>\n<\/li>\n<li class=\"\" data-start=\"1347\" data-end=\"1380\">\n<p class=\"\" data-start=\"1349\" data-end=\"1380\">Previne deteriorarea lemnului<\/p>\n<\/li>\n<li class=\"\" data-start=\"1381\" data-end=\"1434\">\n<p class=\"\" data-start=\"1383\" data-end=\"1434\">Fixare sigur\u0103 \u0219i stabil\u0103 \u00een aplica\u021bii structurale<\/p>\n<\/li>\n<li class=\"\" data-start=\"1435\" data-end=\"1499\">\n<p class=\"\" data-start=\"1437\" data-end=\"1499\">Ideal\u0103 pentru utiliz\u0103ri profesionale sau proiecte DIY din lemn<\/p>\n<\/li>\n<\/ul>\n","protected":false},"excerpt":{"rendered":"<p>\u0218aib\u0103 plat\u0103 pentru lemn DIN 440R Pentru lemn | Diametru mare | Compatibil\u0103 cu piuli\u021b\u0103 hexagonal\u0103 \u0219i tij\u0103 filetat\u0103 Descriere produs: \u0218aiba plat\u0103 DIN 440R este conceput\u0103 special pentru utilizarea \u00een lucr\u0103ri din lemn, oferind o suprafa\u021b\u0103 mare de sprijin pentru a distribui uniform presiunea de str\u00e2ngere. Se utilizeaz\u0103 \u00een combina\u021bie cu piuli\u021be hexagonale \u0219i&#8230;<\/p>\n","protected":false},"featured_media":1211,"comment_status":"open","ping_status":"closed","template":"","meta":{"_bst_post_transparent":"default","_bst_post_title":"","_bst_post_layout":"default","_bst_post_sidebar_id":"","_bst_post_content_style":"default","_bst_post_vertical_padding":"default","_bst_post_feature":"","_bst_post_feature_position":"","_bst_post_header":false,"_bst_post_footer":false},"product_cat":[156],"product_tag":[],"class_list":{"0":"post-1210","1":"product","2":"type-product","3":"status-publish","4":"has-post-thumbnail","6":"product_cat-tije-saibe-piulite","8":"first","9":"instock","10":"shipping-taxable","11":"purchasable","12":"product-type-simple","13":"entry","14":"content-bg","15":"loop-entry"},"_links":{"self":[{"href":"https:\/\/construiesccasamea.ro\/index.php?rest_route=\/wp\/v2\/product\/1210"}],"collection":[{"href":"https:\/\/construiesccasamea.ro\/index.php?rest_route=\/wp\/v2\/product"}],"about":[{"href":"https:\/\/construiesccasamea.ro\/index.php?rest_route=\/wp\/v2\/types\/product"}],"replies":[{"embeddable":true,"href":"https:\/\/construiesccasamea.ro\/index.php?rest_route=%2Fwp%2Fv2%2Fcomments&post=1210"}],"wp:featuredmedia":[{"embeddable":true,"href":"https:\/\/construiesccasamea.ro\/index.php?rest_route=\/wp\/v2\/media\/1211"}],"wp:attachment":[{"href":"https:\/\/construiesccasamea.ro\/index.php?rest_route=%2Fwp%2Fv2%2Fmedia&parent=1210"}],"wp:term":[{"taxonomy":"product_cat","embeddable":true,"href":"https:\/\/construiesccasamea.ro\/index.php?rest_route=%2Fwp%2Fv2%2Fproduct_cat&post=1210"},{"taxonomy":"product_tag","embeddable":true,"href":"https:\/\/construiesccasamea.ro\/index.php?rest_route=%2Fwp%2Fv2%2Fproduct_tag&post=1210"}],"curies":[{"name":"wp","href":"https:\/\/api.w.org\/{rel}","templated":true}]}}