{"id":1119,"date":"2025-04-08T19:44:18","date_gmt":"2025-04-08T19:44:18","guid":{"rendered":"https:\/\/construiesccasamea.ro\/?post_type=product&#038;p=1119"},"modified":"2025-04-08T19:44:18","modified_gmt":"2025-04-08T19:44:18","slug":"tija-filetata-1-ml","status":"publish","type":"product","link":"https:\/\/construiesccasamea.ro\/?product=tija-filetata-1-ml","title":{"rendered":"Tija filetata 1 ml"},"content":{"rendered":"<h3 class=\"\" data-start=\"119\" data-end=\"196\"><strong data-start=\"123\" data-end=\"196\">Tij\u0103 Filetat\u0103\u00a0 1 m \u2013 o solu\u021bie versatil\u0103 pentru fixare eficient\u0103<\/strong><\/h3>\n<p class=\"\" data-start=\"198\" data-end=\"431\">Conceput\u0103 pentru utiliz\u0103ri multiple, <strong data-start=\"235\" data-end=\"277\">tija filetat\u0103\u00a0 grupa 4.8<\/strong>, este fabricat\u0103 din <strong data-start=\"298\" data-end=\"325\">o\u021bel carbon de calitate<\/strong>, conform standardului <strong data-start=\"348\" data-end=\"359\">DIN 975<\/strong>, cu <strong data-start=\"364\" data-end=\"382\">finisaj zincat<\/strong> ce ofer\u0103 protec\u021bie sporit\u0103 \u00eempotriva coroziunii.<\/p>\n<p class=\"\" data-start=\"433\" data-end=\"647\">Cu o <strong data-start=\"438\" data-end=\"486\">rezisten\u021b\u0103 la trac\u021biune de minimum 400 N\/mm\u00b2<\/strong> \u0219i <strong data-start=\"490\" data-end=\"527\">rezisten\u021b\u0103 la rupere de 320 N\/mm\u00b2<\/strong>, aceast\u0103 tij\u0103 reprezint\u0103 o solu\u021bie sigur\u0103 \u0219i durabil\u0103 pentru aplica\u021bii variate \u00een construc\u021bii, industrie sau uz casnic.<\/p>\n<hr class=\"\" data-start=\"649\" data-end=\"652\" \/>\n<h3 class=\"\" data-start=\"654\" data-end=\"684\"><strong data-start=\"658\" data-end=\"684\">Aplica\u021bii recomandate:<\/strong><\/h3>\n<ul data-start=\"685\" data-end=\"821\">\n<li class=\"\" data-start=\"685\" data-end=\"723\">\n<p class=\"\" data-start=\"687\" data-end=\"723\">Fixarea elementelor de construc\u021bie<\/p>\n<\/li>\n<li class=\"\" data-start=\"724\" data-end=\"765\">\n<p class=\"\" data-start=\"726\" data-end=\"765\">Montajul echipamentelor \u0219i utilajelor<\/p>\n<\/li>\n<li class=\"\" data-start=\"766\" data-end=\"788\">\n<p class=\"\" data-start=\"768\" data-end=\"788\">Industria lemnului<\/p>\n<\/li>\n<li class=\"\" data-start=\"789\" data-end=\"821\">\n<p class=\"\" data-start=\"791\" data-end=\"821\">Proiecte DIY \u0219i profesionale<\/p>\n<\/li>\n<\/ul>\n<p class=\"\" data-start=\"823\" data-end=\"980\">Poate fi utilizat\u0103 \u00eempreun\u0103 cu <strong data-start=\"854\" data-end=\"877\">piuli\u021be expandabile<\/strong> sau <strong data-start=\"882\" data-end=\"902\">dibluri metalice<\/strong>, ideal\u0103 pentru fix\u0103ri \u00een beton, structuri din lemn sau alte suporturi solide.<\/p>\n","protected":false},"excerpt":{"rendered":"<p>Lungime 1000 mm<\/p>\n","protected":false},"featured_media":1120,"comment_status":"open","ping_status":"closed","template":"","meta":{"_bst_post_transparent":"default","_bst_post_title":"","_bst_post_layout":"default","_bst_post_sidebar_id":"","_bst_post_content_style":"default","_bst_post_vertical_padding":"default","_bst_post_feature":"","_bst_post_feature_position":"","_bst_post_header":false,"_bst_post_footer":false},"product_cat":[156],"product_tag":[],"class_list":{"0":"post-1119","1":"product","2":"type-product","3":"status-publish","4":"has-post-thumbnail","6":"product_cat-tije-saibe-piulite","8":"first","9":"instock","10":"shipping-taxable","11":"purchasable","12":"product-type-variable","13":"entry","14":"content-bg","15":"loop-entry"},"_links":{"self":[{"href":"https:\/\/construiesccasamea.ro\/index.php?rest_route=\/wp\/v2\/product\/1119"}],"collection":[{"href":"https:\/\/construiesccasamea.ro\/index.php?rest_route=\/wp\/v2\/product"}],"about":[{"href":"https:\/\/construiesccasamea.ro\/index.php?rest_route=\/wp\/v2\/types\/product"}],"replies":[{"embeddable":true,"href":"https:\/\/construiesccasamea.ro\/index.php?rest_route=%2Fwp%2Fv2%2Fcomments&post=1119"}],"wp:featuredmedia":[{"embeddable":true,"href":"https:\/\/construiesccasamea.ro\/index.php?rest_route=\/wp\/v2\/media\/1120"}],"wp:attachment":[{"href":"https:\/\/construiesccasamea.ro\/index.php?rest_route=%2Fwp%2Fv2%2Fmedia&parent=1119"}],"wp:term":[{"taxonomy":"product_cat","embeddable":true,"href":"https:\/\/construiesccasamea.ro\/index.php?rest_route=%2Fwp%2Fv2%2Fproduct_cat&post=1119"},{"taxonomy":"product_tag","embeddable":true,"href":"https:\/\/construiesccasamea.ro\/index.php?rest_route=%2Fwp%2Fv2%2Fproduct_tag&post=1119"}],"curies":[{"name":"wp","href":"https:\/\/api.w.org\/{rel}","templated":true}]}}