{"id":1101,"date":"2025-04-08T18:45:53","date_gmt":"2025-04-08T18:45:53","guid":{"rendered":"https:\/\/construiesccasamea.ro\/?post_type=product&#038;p=1101"},"modified":"2025-04-08T18:51:42","modified_gmt":"2025-04-08T18:51:42","slug":"tigla-terran-danubia-mocca","status":"publish","type":"product","link":"https:\/\/construiesccasamea.ro\/?product=tigla-terran-danubia-mocca","title":{"rendered":"Tigla Terran Danubia Mocca"},"content":{"rendered":"<h3 class=\"\" data-start=\"153\" data-end=\"204\"><strong data-start=\"157\" data-end=\"204\">\u021aigla de baz\u0103 1\/1 Terran \u2013 Colectia Danubia Rezistor<\/strong><\/h3>\n<p class=\"\" data-start=\"264\" data-end=\"302\"><strong data-start=\"264\" data-end=\"302\">Elegan\u021b\u0103 urban\u0103, rezisten\u021b\u0103 de top<\/strong><\/p>\n<p class=\"\" data-start=\"304\" data-end=\"662\">F\u0103 din acoperi\u0219ul t\u0103u un element de design remarcabil cu <strong data-start=\"361\" data-end=\"400\">\u021bigla de baz\u0103 Terran Danubia Mocca<\/strong>, parte din colec\u021bia premium cu suprafa\u021b\u0103 <strong data-start=\"442\" data-end=\"454\">Rezistor<\/strong> \u2013 proiectat\u0103 pentru durabilitate maxim\u0103 \u0219i estetic\u0103 modern\u0103. Fiind componenta principal\u0103 a \u00eenvelitorii, acoper\u0103 peste <strong data-start=\"573\" data-end=\"607\">95% din suprafa\u021ba acoperi\u0219ului<\/strong>, asigur\u00e2nd un montaj eficient \u0219i o protec\u021bie complet\u0103.<\/p>\n<h3 class=\"\" data-start=\"664\" data-end=\"707\"><strong data-start=\"668\" data-end=\"707\">Stil \u0219i rafinament \u00een nuan\u021ba Mocca<\/strong><\/h3>\n<p class=\"\" data-start=\"709\" data-end=\"982\">Nuan\u021ba <strong data-start=\"716\" data-end=\"726\">Mocca<\/strong> \u2013 un maro inchis \u2013 ofer\u0103 un efect vizual puternic \u0219i se potrive\u0219te perfect at\u00e2t arhitecturii moderne, c\u00e2t \u0219i stilurilor rustice sau complexe. Este ideal\u0103 pentru case cu personalitate, acoperi\u0219uri multistructurale \u0219i combina\u021bii cromatice \u00eendr\u0103zne\u021be.<\/p>\n<h3 class=\"\" data-start=\"984\" data-end=\"1048\"><strong data-start=\"988\" data-end=\"1048\">Tehnologie de protec\u021bie ColorSystem + suprafa\u021b\u0103 Rezistor<\/strong><\/h3>\n<p class=\"\" data-start=\"1050\" data-end=\"1160\">\u021aigla este fabricat\u0103 din beton colorat \u00een mas\u0103 \u0219i tratat\u0103 cu <strong data-start=\"1111\" data-end=\"1126\">ColorSystem<\/strong>, o tehnologie ecologic\u0103 ce ofer\u0103:<\/p>\n<ul data-start=\"1161\" data-end=\"1312\">\n<li class=\"\" data-start=\"1161\" data-end=\"1201\">\n<p class=\"\" data-start=\"1163\" data-end=\"1201\"><strong data-start=\"1163\" data-end=\"1184\">Culoare de durat\u0103<\/strong> f\u0103r\u0103 decolorare;<\/p>\n<\/li>\n<li class=\"\" data-start=\"1202\" data-end=\"1230\">\n<p class=\"\" data-start=\"1204\" data-end=\"1230\"><strong data-start=\"1204\" data-end=\"1229\">Protec\u021bie UV avansat\u0103<\/strong>;<\/p>\n<\/li>\n<li class=\"\" data-start=\"1231\" data-end=\"1312\">\n<p class=\"\" data-start=\"1233\" data-end=\"1312\"><strong data-start=\"1233\" data-end=\"1311\">Rezisten\u021b\u0103 ridicat\u0103 la uzur\u0103, ploi acide, \u00eenghe\u021b-dezghe\u021b \u0219i poluare urban\u0103<\/strong>.<\/p>\n<\/li>\n<\/ul>\n<p class=\"\" data-start=\"1314\" data-end=\"1472\">Suprafa\u021ba <strong data-start=\"1324\" data-end=\"1336\">Rezistor<\/strong> adaug\u0103 un strat suplimentar de durabilitate \u0219i rezisten\u021b\u0103 \u00een fa\u021ba factorilor de mediu, inclusiv mu\u0219chi, depuneri \u0219i particule poluante.<\/p>\n<hr class=\"\" data-start=\"1474\" data-end=\"1477\" \/>\n<h3 class=\"\" data-start=\"1479\" data-end=\"1503\"><strong data-start=\"1483\" data-end=\"1503\">Beneficii cheie:<\/strong><\/h3>\n<ul data-start=\"1504\" data-end=\"1823\">\n<li class=\"\" data-start=\"1504\" data-end=\"1540\">\n<p class=\"\" data-start=\"1506\" data-end=\"1540\"><strong data-start=\"1508\" data-end=\"1538\">Impermeabilitate excelent\u0103<\/strong><\/p>\n<\/li>\n<li class=\"\" data-start=\"1541\" data-end=\"1574\">\n<p class=\"\" data-start=\"1543\" data-end=\"1574\"><strong data-start=\"1545\" data-end=\"1572\">Durat\u0103 de via\u021b\u0103 extins\u0103<\/strong><\/p>\n<\/li>\n<li class=\"\" data-start=\"1575\" data-end=\"1621\">\n<p class=\"\" data-start=\"1577\" data-end=\"1621\"><strong data-start=\"1579\" data-end=\"1619\">Greutate constant\u0103 \u2013 nu absoarbe ap\u0103<\/strong><\/p>\n<\/li>\n<li class=\"\" data-start=\"1622\" data-end=\"1668\">\n<p class=\"\" data-start=\"1624\" data-end=\"1668\"><strong data-start=\"1626\" data-end=\"1666\">Rezisten\u021b\u0103 la decolorare \u0219i spargere<\/strong><\/p>\n<\/li>\n<li class=\"\" data-start=\"1669\" data-end=\"1715\">\n<p class=\"\" data-start=\"1671\" data-end=\"1715\"><strong data-start=\"1673\" data-end=\"1713\">Izola\u021bie fonic\u0103 \u0219i termic\u0103 eficient\u0103<\/strong><\/p>\n<\/li>\n<li class=\"\" data-start=\"1716\" data-end=\"1767\">\n<p class=\"\" data-start=\"1718\" data-end=\"1767\"><strong data-start=\"1720\" data-end=\"1765\">Dimensiuni precise pentru un montaj curat<\/strong><\/p>\n<\/li>\n<li class=\"\" data-start=\"1768\" data-end=\"1823\">\n<p class=\"\" data-start=\"1770\" data-end=\"1823\"><strong data-start=\"1772\" data-end=\"1823\">U\u0219urin\u021b\u0103 \u00een corectare \u0219i instalare simplificat\u0103<\/strong><\/p>\n<\/li>\n<\/ul>\n<hr class=\"\" data-start=\"1825\" data-end=\"1828\" \/>\n<p class=\"\" data-start=\"1830\" data-end=\"1946\"><strong data-start=\"1830\" data-end=\"1946\">\u021aigla Terran Danubia Mocca \u2013 solu\u021bia complet\u0103 pentru un acoperi\u0219 de \u00eenalt\u0103 calitate, cu impact vizual garantat.<\/strong><\/p>\n<hr class=\"\" data-start=\"1139\" data-end=\"1142\" \/>\n<p class=\"\" data-start=\"1144\" data-end=\"1231\"><strong>Investe\u0219te \u00eentr-un acoperi\u0219 care arat\u0103 bine \u0219i rezist\u0103 \u00een timp. Alege calitatea Terran cu 50 de ani garantie!<\/strong><\/p>\n","protected":false},"excerpt":{"rendered":"<p>10 buc\/mp<\/p>\n","protected":false},"featured_media":1102,"comment_status":"open","ping_status":"closed","template":"","meta":{"_bst_post_transparent":"default","_bst_post_title":"","_bst_post_layout":"default","_bst_post_sidebar_id":"","_bst_post_content_style":"default","_bst_post_vertical_padding":"default","_bst_post_feature":"","_bst_post_feature_position":"","_bst_post_header":false,"_bst_post_footer":false},"product_cat":[81],"product_tag":[],"class_list":{"0":"post-1101","1":"product","2":"type-product","3":"status-publish","4":"has-post-thumbnail","6":"product_cat-tigla-de-beton","8":"first","9":"instock","10":"shipping-taxable","11":"product-type-simple","12":"entry","13":"content-bg","14":"loop-entry"},"_links":{"self":[{"href":"https:\/\/construiesccasamea.ro\/index.php?rest_route=\/wp\/v2\/product\/1101"}],"collection":[{"href":"https:\/\/construiesccasamea.ro\/index.php?rest_route=\/wp\/v2\/product"}],"about":[{"href":"https:\/\/construiesccasamea.ro\/index.php?rest_route=\/wp\/v2\/types\/product"}],"replies":[{"embeddable":true,"href":"https:\/\/construiesccasamea.ro\/index.php?rest_route=%2Fwp%2Fv2%2Fcomments&post=1101"}],"wp:featuredmedia":[{"embeddable":true,"href":"https:\/\/construiesccasamea.ro\/index.php?rest_route=\/wp\/v2\/media\/1102"}],"wp:attachment":[{"href":"https:\/\/construiesccasamea.ro\/index.php?rest_route=%2Fwp%2Fv2%2Fmedia&parent=1101"}],"wp:term":[{"taxonomy":"product_cat","embeddable":true,"href":"https:\/\/construiesccasamea.ro\/index.php?rest_route=%2Fwp%2Fv2%2Fproduct_cat&post=1101"},{"taxonomy":"product_tag","embeddable":true,"href":"https:\/\/construiesccasamea.ro\/index.php?rest_route=%2Fwp%2Fv2%2Fproduct_tag&post=1101"}],"curies":[{"name":"wp","href":"https:\/\/api.w.org\/{rel}","templated":true}]}}