{"id":1075,"date":"2025-04-08T17:55:59","date_gmt":"2025-04-08T17:55:59","guid":{"rendered":"https:\/\/construiesccasamea.ro\/?post_type=product&#038;p=1075"},"modified":"2025-04-08T17:59:29","modified_gmt":"2025-04-08T17:59:29","slug":"tigla-creaton-solzi-rona-segment-natur","status":"publish","type":"product","link":"https:\/\/construiesccasamea.ro\/?product=tigla-creaton-solzi-rona-segment-natur","title":{"rendered":"Tigla Creaton solzi Rona segment natur"},"content":{"rendered":"<p class=\"\" data-start=\"0\" data-end=\"87\"><strong data-start=\"0\" data-end=\"23\">Tigla Ceramic\u0103 Rona<\/strong> \u2013 <strong data-start=\"26\" data-end=\"87\">Adaptabilitate \u0219i Performan\u021b\u0103 pentru Orice Tip de Cl\u0103dire<\/strong><\/p>\n<p class=\"\" data-start=\"89\" data-end=\"356\">Tigla ceramic\u0103 Rona se eviden\u021biaz\u0103 printr-o adaptabilitate remarcabil\u0103, fiind ideal\u0103 at\u00e2t pentru cl\u0103dirile noi, c\u00e2t \u0219i pentru cele vechi, pline de istorie. Aceasta combin\u0103 tehnologia modern\u0103 cu tradi\u021bia \u00een procesul de fabrica\u021bie, oferind un produs de \u00eenalt\u0103 calitate.<\/p>\n<p class=\"\" data-start=\"358\" data-end=\"396\"><strong data-start=\"358\" data-end=\"396\">Design Clasic, Performan\u021b\u0103 Modern\u0103<\/strong><\/p>\n<p class=\"\" data-start=\"398\" data-end=\"629\">Modelul Rona reune\u0219te elegan\u021ba formei tradi\u021bionale de tigl\u0103 solzi cu performan\u021ba excelent\u0103 de etan\u0219are, ob\u021binut\u0103 prin faltul lateral. Acesta permite un montaj rapid \u0219i eficient, comparativ cu tigla tradi\u021bional\u0103 de tip solzi clasic.<\/p>\n<p class=\"\" data-start=\"631\" data-end=\"682\"><strong data-start=\"631\" data-end=\"682\">U\u0219or de Instalal, Potrivit pentru Orice Proiect<\/strong><\/p>\n<p class=\"\" data-start=\"684\" data-end=\"836\">Faltul lateral faciliteaz\u0103 montajul rapid, fiind perfect pentru reabilitarea acoperi\u0219urilor vechi, extinderi (anexe) sau cl\u0103diri cu arhitectur\u0103 modern\u0103.<\/p>\n<p class=\"\" data-start=\"838\" data-end=\"864\"><strong data-start=\"838\" data-end=\"864\">Dimensiuni \u0219i Garan\u021bie<\/strong><\/p>\n<p class=\"\" data-start=\"866\" data-end=\"1034\">Dimensiunile tiglei sunt de 20,5 x 40 cm (l\u0103\u021bime x \u00een\u0103l\u021bime), iar produsul beneficiaz\u0103 de o garan\u021bie de 50 de ani, \u00een conformitate cu condi\u021biile generale ale garan\u021biei.<\/p>\n<p class=\"\" data-start=\"1036\" data-end=\"1138\">Alege Tigla Ceramic\u0103 Rona pentru un acoperi\u0219 durabil \u0219i estetic, adaptabil oric\u0103rui stil arhitectural!<\/p>\n<h3 class=\"\" data-start=\"0\" data-end=\"76\"><\/h3>\n<table id=\"product-attribute-specs-table\" class=\"data table additional-attributes\">\n<tbody>\n<tr class=\"\">\n<th class=\"col label\" scope=\"row\">Dimensiuni (cm)<\/th>\n<td class=\"col data\" data-th=\"Dimensiuni (cm)\">20.5 x 40<\/td>\n<\/tr>\n<tr class=\"\">\n<th class=\"col label\" scope=\"row\">Greutate (kg)<\/th>\n<td class=\"col data\" data-th=\"Greutate (kg)\">2.2<\/td>\n<\/tr>\n<tr class=\"\">\n<th class=\"col label\" scope=\"row\">Mod de ambalare (buc\/palet)<\/th>\n<td class=\"col data\" data-th=\"Mod de ambalare (buc\/palet)\">324<\/td>\n<\/tr>\n<tr class=\"\">\n<th class=\"col label\" scope=\"row\">Necesar (mp)<\/th>\n<td class=\"col data\" data-th=\"Necesar (mp)\">18 bucati<\/td>\n<\/tr>\n<tr class=\"\">\n<th class=\"col label\" scope=\"row\">Model<\/th>\n<td class=\"col data\" data-th=\"Model\">Solzi cu falt Rona<\/td>\n<\/tr>\n<tr class=\"\">\n<th class=\"col label\" scope=\"row\">Culoare<\/th>\n<td class=\"col data\" data-th=\"Culoare\">rosu natural<\/td>\n<\/tr>\n<tr class=\"\">\n<th class=\"col label\" scope=\"row\">Material<\/th>\n<td class=\"col data\" data-th=\"Material\">argila + ceramica<\/td>\n<\/tr>\n<tr class=\"\">\n<th class=\"col label\" scope=\"row\">Suprafata<\/th>\n<td class=\"col data\" data-th=\"Suprafata\">0.06 mp<\/td>\n<\/tr>\n<tr class=\"\">\n<th class=\"col label\" scope=\"row\">Panta minima (grade)<\/th>\n<td class=\"col data\" data-th=\"Panta minima (grade)\">22<\/td>\n<\/tr>\n<\/tbody>\n<\/table>\n<p class=\"\" data-start=\"1008\" data-end=\"1144\">\n","protected":false},"excerpt":{"rendered":"<p>Tigla Ceramic\u0103 Rona \u2013 Adaptabilitate \u0219i Performan\u021b\u0103 pentru Orice Tip de Cl\u0103dire Tigla ceramic\u0103 Rona se eviden\u021biaz\u0103 printr-o adaptabilitate remarcabil\u0103, fiind ideal\u0103 at\u00e2t pentru cl\u0103dirile noi, c\u00e2t \u0219i pentru cele vechi, pline de istorie. Aceasta combin\u0103 tehnologia modern\u0103 cu tradi\u021bia \u00een procesul de fabrica\u021bie, oferind un produs de \u00eenalt\u0103 calitate. Design Clasic, Performan\u021b\u0103 Modern\u0103 Modelul&#8230;<\/p>\n","protected":false},"featured_media":1076,"comment_status":"open","ping_status":"closed","template":"","meta":{"_bst_post_transparent":"default","_bst_post_title":"","_bst_post_layout":"default","_bst_post_sidebar_id":"","_bst_post_content_style":"default","_bst_post_vertical_padding":"default","_bst_post_feature":"","_bst_post_feature_position":"","_bst_post_header":false,"_bst_post_footer":false},"product_cat":[80],"product_tag":[],"class_list":{"0":"post-1075","1":"product","2":"type-product","3":"status-publish","4":"has-post-thumbnail","6":"product_cat-tigla-ceramica","8":"first","9":"instock","10":"shipping-taxable","11":"purchasable","12":"product-type-simple","13":"entry","14":"content-bg","15":"loop-entry"},"_links":{"self":[{"href":"https:\/\/construiesccasamea.ro\/index.php?rest_route=\/wp\/v2\/product\/1075"}],"collection":[{"href":"https:\/\/construiesccasamea.ro\/index.php?rest_route=\/wp\/v2\/product"}],"about":[{"href":"https:\/\/construiesccasamea.ro\/index.php?rest_route=\/wp\/v2\/types\/product"}],"replies":[{"embeddable":true,"href":"https:\/\/construiesccasamea.ro\/index.php?rest_route=%2Fwp%2Fv2%2Fcomments&post=1075"}],"wp:featuredmedia":[{"embeddable":true,"href":"https:\/\/construiesccasamea.ro\/index.php?rest_route=\/wp\/v2\/media\/1076"}],"wp:attachment":[{"href":"https:\/\/construiesccasamea.ro\/index.php?rest_route=%2Fwp%2Fv2%2Fmedia&parent=1075"}],"wp:term":[{"taxonomy":"product_cat","embeddable":true,"href":"https:\/\/construiesccasamea.ro\/index.php?rest_route=%2Fwp%2Fv2%2Fproduct_cat&post=1075"},{"taxonomy":"product_tag","embeddable":true,"href":"https:\/\/construiesccasamea.ro\/index.php?rest_route=%2Fwp%2Fv2%2Fproduct_tag&post=1075"}],"curies":[{"name":"wp","href":"https:\/\/api.w.org\/{rel}","templated":true}]}}