{"id":1040,"date":"2025-04-04T13:40:14","date_gmt":"2025-04-04T13:40:14","guid":{"rendered":"https:\/\/construiesccasamea.ro\/?post_type=product&#038;p=1040"},"modified":"2025-04-14T06:06:57","modified_gmt":"2025-04-14T06:06:57","slug":"tigla-rapido-rosu-cupru","status":"publish","type":"product","link":"https:\/\/construiesccasamea.ro\/?product=tigla-rapido-rosu-cupru","title":{"rendered":"Tigla Creaton Rapido rosu cupru"},"content":{"rendered":"<h3 class=\"\" data-start=\"0\" data-end=\"76\"><strong data-start=\"4\" data-end=\"76\">\u021aigl\u0103 Ceramic\u0103 Creaton Rapido \u2013 Tradi\u021bie Reinventat\u0103 prin Tehnologie<\/strong><\/h3>\n<p class=\"\" data-start=\"78\" data-end=\"308\">\u021aigla ceramic\u0103 <strong data-start=\"93\" data-end=\"111\">Creaton Rapido<\/strong> (32,5 x 50 cm) \u00eembin\u0103 farmecul clasic al acoperi\u0219urilor tradi\u021bionale cu inova\u021bia tehnologic\u0103 modern\u0103, rezult\u00e2nd \u00eentr-un produs excep\u021bional, g\u00e2ndit pentru performan\u021b\u0103, durabilitate \u0219i montaj rapid.<\/p>\n<h3 class=\"\" data-start=\"310\" data-end=\"344\"><strong data-start=\"314\" data-end=\"344\">Caracteristici principale:<\/strong><\/h3>\n<ul>\n<li data-start=\"345\" data-end=\"981\"><strong data-start=\"348\" data-end=\"372\">Format extra-generos<\/strong> \u2013 doar <strong data-start=\"380\" data-end=\"397\">8,1 buc\u0103\u021bi\/m\u00b2<\/strong>, pentru o acoperire eficient\u0103 \u0219i costuri reduse<\/li>\n<li data-start=\"345\" data-end=\"981\"><strong data-start=\"451\" data-end=\"487\">Sistem de interconectare avansat<\/strong> \u2013 laterale duble, margini \u00eenalte \u0219i <strong data-start=\"524\" data-end=\"544\">dubl\u0103 depresiune<\/strong> pentru o etan\u0219eitate superioar\u0103<\/li>\n<li data-start=\"345\" data-end=\"981\"><strong data-start=\"582\" data-end=\"607\">Montaj rapid \u0219i sigur<\/strong> \u2013 datorit\u0103 celor <strong data-start=\"625\" data-end=\"650\">trei zone de prindere<\/strong> \u0219i a <strong data-start=\"656\" data-end=\"680\">coastelor de sprijin<\/strong> de pe spate<\/li>\n<li data-start=\"345\" data-end=\"981\"><strong data-start=\"698\" data-end=\"725\">Flexibilitate excelent\u0103<\/strong> \u2013 marj\u0103 mare de montaj \u00een partea superioar\u0103, ideal\u0103 pentru diverse unghiuri de acoperi\u0219<\/li>\n<li data-start=\"345\" data-end=\"981\"><strong data-start=\"819\" data-end=\"848\">Aspect estetic remarcabil<\/strong> \u2013 linie elegant\u0103, perfect\u0103 pentru construc\u021bii clasice sau moderne<\/li>\n<li data-start=\"345\" data-end=\"981\"><strong data-start=\"920\" data-end=\"950\">Fiabilitate pe termen lung<\/strong> \u2013 produs premium marca Creaton<\/li>\n<li data-start=\"466\" data-end=\"958\"><strong>Panta minima pentru montaj\u00a0<\/strong>\u2013 10 grade (conform conditiilor producatorului)<\/li>\n<\/ul>\n<h3 class=\"\" data-start=\"983\" data-end=\"1007\"><strong data-start=\"987\" data-end=\"1007\">Detalii tehnice:<\/strong><\/h3>\n<p class=\"\" data-start=\"1008\" data-end=\"1144\">Dimensiuni: <strong data-start=\"1023\" data-end=\"1047\">32,5 x 50 cm (l x h)<\/strong><br data-start=\"1047\" data-end=\"1050\" \/><br data-start=\"1079\" data-end=\"1082\" \/><strong data-start=\"1149\" data-end=\"1263\" data-is-last-node=\"\">Creaton Rapido \u2013 \u021aigla care \u00eembin\u0103 tradi\u021bia cu tehnologia pentru un acoperi\u0219 durabil, eficient \u0219i spectaculos!<\/strong><\/p>\n","protected":false},"excerpt":{"rendered":"<p>\u021aigl\u0103 Ceramic\u0103 Creaton Rapido \u2013 Tradi\u021bie Reinventat\u0103 prin Tehnologie \u021aigla ceramic\u0103 Creaton Rapido (32,5 x 50 cm) \u00eembin\u0103 farmecul clasic al acoperi\u0219urilor tradi\u021bionale cu inova\u021bia tehnologic\u0103 modern\u0103, rezult\u00e2nd \u00eentr-un produs excep\u021bional, g\u00e2ndit pentru performan\u021b\u0103, durabilitate \u0219i montaj rapid. Caracteristici principale: Format extra-generos \u2013 doar 8,1 buc\u0103\u021bi\/m\u00b2, pentru o acoperire eficient\u0103 \u0219i costuri reduse Sistem de&#8230;<\/p>\n","protected":false},"featured_media":1041,"comment_status":"open","ping_status":"closed","template":"","meta":{"_bst_post_transparent":"default","_bst_post_title":"","_bst_post_layout":"default","_bst_post_sidebar_id":"","_bst_post_content_style":"default","_bst_post_vertical_padding":"default","_bst_post_feature":"","_bst_post_feature_position":"","_bst_post_header":false,"_bst_post_footer":false},"product_cat":[80],"product_tag":[],"class_list":{"0":"post-1040","1":"product","2":"type-product","3":"status-publish","4":"has-post-thumbnail","6":"product_cat-tigla-ceramica","8":"first","9":"instock","10":"shipping-taxable","11":"purchasable","12":"product-type-simple","13":"entry","14":"content-bg","15":"loop-entry"},"_links":{"self":[{"href":"https:\/\/construiesccasamea.ro\/index.php?rest_route=\/wp\/v2\/product\/1040"}],"collection":[{"href":"https:\/\/construiesccasamea.ro\/index.php?rest_route=\/wp\/v2\/product"}],"about":[{"href":"https:\/\/construiesccasamea.ro\/index.php?rest_route=\/wp\/v2\/types\/product"}],"replies":[{"embeddable":true,"href":"https:\/\/construiesccasamea.ro\/index.php?rest_route=%2Fwp%2Fv2%2Fcomments&post=1040"}],"wp:featuredmedia":[{"embeddable":true,"href":"https:\/\/construiesccasamea.ro\/index.php?rest_route=\/wp\/v2\/media\/1041"}],"wp:attachment":[{"href":"https:\/\/construiesccasamea.ro\/index.php?rest_route=%2Fwp%2Fv2%2Fmedia&parent=1040"}],"wp:term":[{"taxonomy":"product_cat","embeddable":true,"href":"https:\/\/construiesccasamea.ro\/index.php?rest_route=%2Fwp%2Fv2%2Fproduct_cat&post=1040"},{"taxonomy":"product_tag","embeddable":true,"href":"https:\/\/construiesccasamea.ro\/index.php?rest_route=%2Fwp%2Fv2%2Fproduct_tag&post=1040"}],"curies":[{"name":"wp","href":"https:\/\/api.w.org\/{rel}","templated":true}]}}