{"id":1026,"date":"2025-04-04T12:50:00","date_gmt":"2025-04-04T12:50:00","guid":{"rendered":"https:\/\/construiesccasamea.ro\/?post_type=product&#038;p=1026"},"modified":"2025-04-14T06:01:51","modified_gmt":"2025-04-14T06:01:51","slug":"tigla-creaton-balance-ardezie","status":"publish","type":"product","link":"https:\/\/construiesccasamea.ro\/?product=tigla-creaton-balance-ardezie","title":{"rendered":"Tigla Creaton Balance ardezie"},"content":{"rendered":"<h3 class=\"\" data-start=\"0\" data-end=\"74\"><strong data-start=\"4\" data-end=\"74\">\u021aigl\u0103 Ceramic\u0103 Creaton Balance \u2013 Eficien\u021b\u0103, Elegan\u021b\u0103, Durabilitate<\/strong><\/h3>\n<p class=\"\" data-start=\"76\" data-end=\"438\">\u021aigla ceramic\u0103 din gama <strong data-start=\"100\" data-end=\"119\">Creaton Balance<\/strong> redefine\u0219te designul acoperi\u0219urilor printr-un echilibru perfect \u00eentre <strong data-start=\"190\" data-end=\"231\">eficien\u021b\u0103 economic\u0103, estetic\u0103 modern\u0103<\/strong> \u0219i <strong data-start=\"235\" data-end=\"261\">func\u021bionalitate de top<\/strong>. Conceput\u0103 pentru a se potrivi at\u00e2t acoperi\u0219urilor mari, c\u00e2t \u0219i celor de dimensiuni reduse, aceast\u0103 \u021bigl\u0103 impresioneaz\u0103 prin propor\u021biile armonioase \u0219i flexibilitatea \u00een montaj.<\/p>\n<h3 class=\"\" data-start=\"440\" data-end=\"465\"><strong data-start=\"444\" data-end=\"463\">Avantaje cheie:<\/strong><\/h3>\n<ul>\n<li data-start=\"466\" data-end=\"958\"><strong data-start=\"469\" data-end=\"485\">Consum redus<\/strong> \u2013 Doar <strong data-start=\"493\" data-end=\"510\">8,4 buc\u0103\u021bi\/m\u00b2<\/strong>, pentru o acoperire eficient\u0103 \u0219i costuri optimizate<\/li>\n<li data-start=\"466\" data-end=\"958\"><strong data-start=\"568\" data-end=\"587\">Montaj flexibil<\/strong> \u2013 Marj\u0103 generoas\u0103 de montaj de <strong data-start=\"619\" data-end=\"628\">26 mm<\/strong>, ideal\u0103 pentru adaptabilitate pe \u0219antier<\/li>\n<li data-start=\"466\" data-end=\"958\"><strong data-start=\"675\" data-end=\"716\">Tehnologie de interconectare avansat\u0103<\/strong> \u2013 Asigur\u0103 o fixare solid\u0103 \u0219i protec\u021bie sporit\u0103 \u00eempotriva infiltra\u021biilor<\/li>\n<li data-start=\"466\" data-end=\"958\"><strong data-start=\"794\" data-end=\"823\">Design elegant \u0219i uniform<\/strong> \u2013 Potrivit pentru orice tip de arhitectur\u0103<\/li>\n<li data-start=\"466\" data-end=\"958\"><strong>Panta minima pentru montaj\u00a0<\/strong>&#8211; 10 grade (conform conditiilor producatorului)<\/li>\n<li data-start=\"466\" data-end=\"958\"><strong data-start=\"872\" data-end=\"896\">Rezisten\u021b\u0103 de durat\u0103<\/strong> \u2013 <strong data-start=\"899\" data-end=\"921\">50 de ani garan\u021bie<\/strong> (conform condi\u021biilor produc\u0103torului)<\/li>\n<\/ul>\n<h3 class=\"\" data-start=\"960\" data-end=\"986\"><strong data-start=\"964\" data-end=\"984\">Detalii tehnice:<\/strong><\/h3>\n<p class=\"\" data-start=\"987\" data-end=\"1106\">Dimensiuni: <strong data-start=\"1002\" data-end=\"1024\">32 x 50 cm (l x h)<\/strong><br data-start=\"1024\" data-end=\"1027\" \/>Recomandat\u0103 pentru: acoperi\u0219uri reziden\u021biale \u0219i comerciale, noi sau renovate<\/p>\n<p class=\"\" data-start=\"1108\" data-end=\"1214\"><strong data-start=\"1111\" data-end=\"1214\" data-is-last-node=\"\">Creaton Balance \u2013 \u021aigla care aduce echilibru \u00eentre estetic\u0103, eficien\u021b\u0103 \u0219i siguran\u021b\u0103 pe termen lung!<\/strong><\/p>\n","protected":false},"excerpt":{"rendered":"<p>\u021aigl\u0103 Ceramic\u0103 Creaton Balance \u2013 Eficien\u021b\u0103, Elegan\u021b\u0103, Durabilitate \u021aigla ceramic\u0103 din gama Creaton Balance redefine\u0219te designul acoperi\u0219urilor printr-un echilibru perfect \u00eentre eficien\u021b\u0103 economic\u0103, estetic\u0103 modern\u0103 \u0219i func\u021bionalitate de top. Conceput\u0103 pentru a se potrivi at\u00e2t acoperi\u0219urilor mari, c\u00e2t \u0219i celor de dimensiuni reduse, aceast\u0103 \u021bigl\u0103 impresioneaz\u0103 prin propor\u021biile armonioase \u0219i flexibilitatea \u00een montaj. Avantaje cheie:&#8230;<\/p>\n","protected":false},"featured_media":1028,"comment_status":"open","ping_status":"closed","template":"","meta":{"_bst_post_transparent":"default","_bst_post_title":"","_bst_post_layout":"default","_bst_post_sidebar_id":"","_bst_post_content_style":"default","_bst_post_vertical_padding":"default","_bst_post_feature":"","_bst_post_feature_position":"","_bst_post_header":false,"_bst_post_footer":false},"product_cat":[80],"product_tag":[],"class_list":{"0":"post-1026","1":"product","2":"type-product","3":"status-publish","4":"has-post-thumbnail","6":"product_cat-tigla-ceramica","8":"first","9":"instock","10":"shipping-taxable","11":"purchasable","12":"product-type-simple","13":"entry","14":"content-bg","15":"loop-entry"},"_links":{"self":[{"href":"https:\/\/construiesccasamea.ro\/index.php?rest_route=\/wp\/v2\/product\/1026"}],"collection":[{"href":"https:\/\/construiesccasamea.ro\/index.php?rest_route=\/wp\/v2\/product"}],"about":[{"href":"https:\/\/construiesccasamea.ro\/index.php?rest_route=\/wp\/v2\/types\/product"}],"replies":[{"embeddable":true,"href":"https:\/\/construiesccasamea.ro\/index.php?rest_route=%2Fwp%2Fv2%2Fcomments&post=1026"}],"wp:featuredmedia":[{"embeddable":true,"href":"https:\/\/construiesccasamea.ro\/index.php?rest_route=\/wp\/v2\/media\/1028"}],"wp:attachment":[{"href":"https:\/\/construiesccasamea.ro\/index.php?rest_route=%2Fwp%2Fv2%2Fmedia&parent=1026"}],"wp:term":[{"taxonomy":"product_cat","embeddable":true,"href":"https:\/\/construiesccasamea.ro\/index.php?rest_route=%2Fwp%2Fv2%2Fproduct_cat&post=1026"},{"taxonomy":"product_tag","embeddable":true,"href":"https:\/\/construiesccasamea.ro\/index.php?rest_route=%2Fwp%2Fv2%2Fproduct_tag&post=1026"}],"curies":[{"name":"wp","href":"https:\/\/api.w.org\/{rel}","templated":true}]}}