{"id":1005,"date":"2025-04-04T09:57:46","date_gmt":"2025-04-04T09:57:46","guid":{"rendered":"https:\/\/construiesccasamea.ro\/?post_type=product&#038;p=1005"},"modified":"2025-07-19T05:45:28","modified_gmt":"2025-07-19T05:45:28","slug":"vata-bazaltica-rockwool-frontrock-max-plus-20-cm","status":"publish","type":"product","link":"https:\/\/construiesccasamea.ro\/?product=vata-bazaltica-rockwool-frontrock-max-plus-20-cm","title":{"rendered":"Vata bazaltica Rockwool Frontrock Max Plus 20 cm"},"content":{"rendered":"<h1 class=\"O81-product-hero__box__headline\">Frontrock Max Plus<\/h1>\n<div class=\"O81-product-hero__box__paragraph\">\n<p>Frontrock max plus este o izola\u021bie din vat\u0103 bazaltic\u0103 Dual Density, special proiectat\u0103 pentru a izola termic, a absorbi zomotul \u0219i a proteja \u00een caz de incendiu fa\u021badele din sistemele de izolare termic\u0103 exterioar\u0103. Frontrock max plus este potrivit pentru toate tipurile de cl\u0103diri.<\/p>\n<p>Este un produs care se adapteaz\u0103 pere\u021bilor denivela\u021bi, incorpor\u00e2nd \u00een acela\u0219i timp \u0219i cea mai dura suprafa\u021b\u0103 exterioar\u0103 disponibil\u0103 \u00een Rom\u00e2nia, pentru aplicare. Este cel mai bine v\u00e2ndut produs ETICS de acest gen, cu multiple beneficii pentru utilizatorii finali.<\/p>\n<table class=\"table py-3\">\n<tbody>\n<tr class=\"border-white\">\n<td class=\"name\">Conductivitate termica<\/td>\n<td class=\"value\">0.035W\/mk<\/td>\n<\/tr>\n<tr class=\"border-white\">\n<td class=\"name\">Cu folie de aluminiu<\/td>\n<td class=\"value\">nu<\/td>\n<\/tr>\n<tr class=\"border-white\">\n<td class=\"name\">Grosime<\/td>\n<td class=\"value\">200mm<\/td>\n<\/tr>\n<tr class=\"border-white\">\n<td class=\"name\">Caserata<\/td>\n<td class=\"value\">nu<\/td>\n<\/tr>\n<tr class=\"border-white\">\n<td class=\"name\">Lungime<\/td>\n<td class=\"value\">1200mm<\/td>\n<\/tr>\n<tr class=\"border-white\">\n<td class=\"name\">Latime<\/td>\n<td class=\"value\">600mm<\/td>\n<\/tr>\n<tr class=\"border-white\">\n<td class=\"name\">Rezistenta la compresiune<\/td>\n<td class=\"value\">15KPa<\/td>\n<\/tr>\n<tr class=\"border-white\">\n<td class=\"name\">Rezistenta la tractiune perpendiculara pe fete<\/td>\n<td class=\"value\">7.5KPa<\/td>\n<\/tr>\n<tr class=\"border-white\">\n<td class=\"name\">Rezistenta termica<\/td>\n<td class=\"value\">2.85m\u00b2K\/W<\/td>\n<\/tr>\n<tr class=\"border-white\">\n<td class=\"name\">Ambalare (mp)<\/td>\n<td class=\"value\">pachet<\/td>\n<\/tr>\n<tr class=\"border-white\">\n<td class=\"name\">Numar bucati\/pachet<\/td>\n<td class=\"value\">2<\/td>\n<\/tr>\n<tr class=\"border-white\">\n<td class=\"name\">Numar pachete\/palet<\/td>\n<td class=\"value\">12<\/td>\n<\/tr>\n<tr class=\"border-white\">\n<td class=\"name\">Suprafata acoperita<\/td>\n<td class=\"value\">1.44 m\u00b2\/pachet<\/td>\n<\/tr>\n<tr class=\"border-white\">\n<td class=\"name\">Greutate\/pachet<\/td>\n<td class=\"value\">21.6 kg<\/td>\n<\/tr>\n<\/tbody>\n<\/table>\n<\/div>\n","protected":false},"excerpt":{"rendered":"<p><strong>Placi termoizolante din vata bazaltica rigida<\/strong><\/p>\n","protected":false},"featured_media":918,"comment_status":"open","ping_status":"closed","template":"","meta":{"_bst_post_transparent":"default","_bst_post_title":"","_bst_post_layout":"default","_bst_post_sidebar_id":"","_bst_post_content_style":"default","_bst_post_vertical_padding":"default","_bst_post_feature":"","_bst_post_feature_position":"","_bst_post_header":false,"_bst_post_footer":false},"product_cat":[147],"product_tag":[],"class_list":{"0":"post-1005","1":"product","2":"type-product","3":"status-publish","4":"has-post-thumbnail","6":"product_cat-vata-bazaltica","8":"first","9":"instock","10":"shipping-taxable","11":"purchasable","12":"product-type-simple","13":"entry","14":"content-bg","15":"loop-entry"},"_links":{"self":[{"href":"https:\/\/construiesccasamea.ro\/index.php?rest_route=\/wp\/v2\/product\/1005"}],"collection":[{"href":"https:\/\/construiesccasamea.ro\/index.php?rest_route=\/wp\/v2\/product"}],"about":[{"href":"https:\/\/construiesccasamea.ro\/index.php?rest_route=\/wp\/v2\/types\/product"}],"replies":[{"embeddable":true,"href":"https:\/\/construiesccasamea.ro\/index.php?rest_route=%2Fwp%2Fv2%2Fcomments&post=1005"}],"wp:featuredmedia":[{"embeddable":true,"href":"https:\/\/construiesccasamea.ro\/index.php?rest_route=\/wp\/v2\/media\/918"}],"wp:attachment":[{"href":"https:\/\/construiesccasamea.ro\/index.php?rest_route=%2Fwp%2Fv2%2Fmedia&parent=1005"}],"wp:term":[{"taxonomy":"product_cat","embeddable":true,"href":"https:\/\/construiesccasamea.ro\/index.php?rest_route=%2Fwp%2Fv2%2Fproduct_cat&post=1005"},{"taxonomy":"product_tag","embeddable":true,"href":"https:\/\/construiesccasamea.ro\/index.php?rest_route=%2Fwp%2Fv2%2Fproduct_tag&post=1005"}],"curies":[{"name":"wp","href":"https:\/\/api.w.org\/{rel}","templated":true}]}}